{"id":706,"date":"2024-07-23T14:06:26","date_gmt":"2024-07-23T12:06:26","guid":{"rendered":"http:\/\/34.91.51.160\/?page_id=706"},"modified":"2025-05-23T13:02:41","modified_gmt":"2025-05-23T11:02:41","slug":"opholdspakker","status":"publish","type":"page","link":"https:\/\/storekro.com\/en\/opholdspakker\/","title":{"rendered":"SPECIAL OFFERS"},"content":{"rendered":"<p>[et_pb_section fb_built=&#8221;1&#8243; admin_label=&#8221;Header&#8221; _builder_version=&#8221;4.27.0&#8243; _module_preset=&#8221;default&#8221; use_background_color_gradient=&#8221;on&#8221; background_color_gradient_stops=&#8221;rgba(0,0,0,0.5) 0%|rgba(0,0,0,0.5) 100%&#8221; background_color_gradient_overlays_image=&#8221;on&#8221; background_image=&#8221;https:\/\/storekro.com\/wp-content\/uploads\/2024\/07\/StoreKro_Main-suite-1-scaled.jpg&#8221; background_position=&#8221;top_center&#8221; background_vertical_offset=&#8221;42%&#8221; custom_padding=&#8221;|10%||10%|false|true&#8221; locked=&#8221;off&#8221; collapsed=&#8221;on&#8221; global_colors_info=&#8221;{}&#8221;][et_pb_row _builder_version=&#8221;4.27.4&#8243; _module_preset=&#8221;default&#8221; width=&#8221;100%&#8221; max_width=&#8221;2000px&#8221; hover_enabled=&#8221;0&#8243; global_colors_info=&#8221;{}&#8221; sticky_enabled=&#8221;0&#8243;][et_pb_column type=&#8221;4_4&#8243; _builder_version=&#8221;4.24.1&#8243; _module_preset=&#8221;default&#8221; global_colors_info=&#8221;{}&#8221;][et_pb_text _builder_version=&#8221;4.27.4&#8243; _module_preset=&#8221;dcb8a99c-9f30-4a7f-8aad-eea4418e4a69&#8243; header_text_align=&#8221;center&#8221; header_text_color=&#8221;#FFFFFF&#8221; header_font_size=&#8221;42px&#8221; text_orientation=&#8221;center&#8221; width_tablet=&#8221;&#8221; width_phone=&#8221;100%&#8221; width_last_edited=&#8221;on|phone&#8221; custom_margin=&#8221;||10px||false|false&#8221; custom_padding=&#8221;||||false|false&#8221; hover_enabled=&#8221;0&#8243; header_font_size_tablet=&#8221;42px&#8221; header_font_size_phone=&#8221;26px&#8221; header_font_size_last_edited=&#8221;on|phone&#8221; global_colors_info=&#8221;{}&#8221; sticky_enabled=&#8221;0&#8243;]<\/p>\n<h1>Opholdspakker p\u00e5 Fredensborg Store Kro<\/h1>\n<p>[\/et_pb_text][\/et_pb_column][\/et_pb_row][\/et_pb_section][et_pb_section fb_built=&#8221;1&#8243; _builder_version=&#8221;4.27.0&#8243; _module_preset=&#8221;default&#8221; background_color=&#8221;#f3f2ef&#8221; global_colors_info=&#8221;{}&#8221;][et_pb_row _builder_version=&#8221;4.27.0&#8243; _module_preset=&#8221;default&#8221; global_colors_info=&#8221;{}&#8221;][et_pb_column type=&#8221;4_4&#8243; _builder_version=&#8221;4.27.0&#8243; _module_preset=&#8221;default&#8221; global_colors_info=&#8221;{}&#8221;][et_pb_text _builder_version=&#8221;4.27.0&#8243; _module_preset=&#8221;default&#8221; header_2_font=&#8221;&#8211;et_global_heading_font|800|||||||&#8221; header_2_text_align=&#8221;center&#8221; header_2_text_color=&#8221;#515c59&#8243; header_2_font_size=&#8221;40px&#8221; custom_margin=&#8221;||||false|false&#8221; global_colors_info=&#8221;{}&#8221;]<\/p>\n<h2>Opholdspakker<\/h2>\n<p>[\/et_pb_text][\/et_pb_column][\/et_pb_row][et_pb_row column_structure=&#8221;1_3,1_3,1_3&#8243; _builder_version=&#8221;4.27.0&#8243; _module_preset=&#8221;default&#8221; max_width=&#8221;1602px&#8221; global_colors_info=&#8221;{}&#8221;][et_pb_column type=&#8221;1_3&#8243; _builder_version=&#8221;4.27.0&#8243; _module_preset=&#8221;default&#8221; background_color=&#8221;#515c59&#8243; z_index=&#8221;10&#8243; custom_padding=&#8221;110px|60px|110px|60px|true|true&#8221; custom_padding_tablet=&#8221;40px|30px|40px|30px|true|true&#8221; custom_padding_phone=&#8221;|20px||20px|true|true&#8221; custom_padding_last_edited=&#8221;on|phone&#8221; border_radii=&#8221;on|30px|30px|30px|30px&#8221; global_colors_info=&#8221;{}&#8221;][et_pb_text _builder_version=&#8221;4.27.0&#8243; _module_preset=&#8221;33d8ed47-9575-4183-ae48-b1d6c4145db4&#8243; header_2_font=&#8221;&#8211;et_global_heading_font|700|||||||&#8221; header_2_text_color=&#8221;#FFFFFF&#8221; header_2_font_size=&#8221;42px&#8221; header_2_line_height=&#8221;1.2em&#8221; custom_margin=&#8221;||0px||false|false&#8221; header_2_font_size_tablet=&#8221;32px&#8221; header_2_font_size_phone=&#8221;22px&#8221; header_2_font_size_last_edited=&#8221;on|phone&#8221; locked=&#8221;off&#8221; global_colors_info=&#8221;{%22gcid-3f11ce70-d83b-4c70-bcdc-193eab5653a8%22:%91%93}&#8221;]<\/p>\n<h2>Hverdagsophold<\/h2>\n<p>[\/et_pb_text][et_pb_text _builder_version=&#8221;4.27.0&#8243; _module_preset=&#8221;7d59c7f9-fac0-4ece-80e8-b60ee27645eb&#8221; text_font=&#8221;PT Serif||||||||&#8221; text_font_size=&#8221;20px&#8221; text_line_height=&#8221;1.9em&#8221; background_layout=&#8221;dark&#8221; text_font_size_tablet=&#8221;16px&#8221; text_font_size_phone=&#8221;14px&#8221; text_font_size_last_edited=&#8221;on|desktop&#8221; locked=&#8221;off&#8221; global_colors_info=&#8221;{}&#8221;]<\/p>\n<p>Eftermiddagskaffe- &amp; kage<\/p>\n<p>Dagens 3-retters menu excl. drikkevarer<\/p>\n<p>Overnatning i Dobbeltv\u00e6relse<\/p>\n<p>Morgenmadsbuffet<\/p>\n<p>[\/et_pb_text][et_pb_text _builder_version=&#8221;4.27.0&#8243; _module_preset=&#8221;7e815e5b-c042-4930-9f47-86f0425bfee6&#8243; text_text_color=&#8221;#FFFFFF&#8221; header_font=&#8221;||||||||&#8221; header_4_font=&#8221;Kumbh Sans|700||on|||||&#8221; header_4_text_color=&#8221;#FEBD2D&#8221; header_4_font_size=&#8221;13px&#8221; header_4_letter_spacing=&#8221;2px&#8221; header_4_line_height=&#8221;1.5em&#8221; header_4_font_size_tablet=&#8221;16px&#8221; header_4_font_size_phone=&#8221;14px&#8221; header_4_font_size_last_edited=&#8221;on|tablet&#8221; locked=&#8221;off&#8221; global_colors_info=&#8221;{%22gcid-3f11ce70-d83b-4c70-bcdc-193eab5653a8%22:%91%93,%22gcid-9b6d33f9-def0-4b28-b6f6-d4797450b15e%22:%91%93}&#8221;]<\/p>\n<p><em>Menuen er fast, men der kan tilgodeses kosthensyn mod till\u00e6g<\/em><\/p>\n<p>[\/et_pb_text][\/et_pb_column][et_pb_column type=&#8221;1_3&#8243; _builder_version=&#8221;4.27.0&#8243; _module_preset=&#8221;default&#8221; background_color=&#8221;#515c59&#8243; z_index=&#8221;10&#8243; custom_padding=&#8221;110px|60px|110px|60px|true|true&#8221; custom_padding_tablet=&#8221;40px|30px|40px|30px|true|true&#8221; custom_padding_phone=&#8221;|20px||20px|true|true&#8221; custom_padding_last_edited=&#8221;on|phone&#8221; border_radii=&#8221;on|30px|30px|30px|30px&#8221; global_colors_info=&#8221;{}&#8221;][et_pb_text _builder_version=&#8221;4.27.0&#8243; _module_preset=&#8221;33d8ed47-9575-4183-ae48-b1d6c4145db4&#8243; header_2_font=&#8221;&#8211;et_global_heading_font|700|||||||&#8221; header_2_text_color=&#8221;#FFFFFF&#8221; header_2_font_size=&#8221;42px&#8221; header_2_line_height=&#8221;1.2em&#8221; custom_margin=&#8221;||0px||false|false&#8221; header_2_font_size_tablet=&#8221;32px&#8221; header_2_font_size_phone=&#8221;22px&#8221; header_2_font_size_last_edited=&#8221;on|phone&#8221; locked=&#8221;off&#8221; global_colors_info=&#8221;{%22gcid-3f11ce70-d83b-4c70-bcdc-193eab5653a8%22:%91%93}&#8221;]<\/p>\n<h2>Fredagsophold\u00a0<\/h2>\n<p>[\/et_pb_text][et_pb_text _builder_version=&#8221;4.27.0&#8243; _module_preset=&#8221;7d59c7f9-fac0-4ece-80e8-b60ee27645eb&#8221; text_font=&#8221;PT Serif||||||||&#8221; text_font_size=&#8221;20px&#8221; text_line_height=&#8221;1.9em&#8221; background_layout=&#8221;dark&#8221; text_font_size_tablet=&#8221;16px&#8221; text_font_size_phone=&#8221;14px&#8221; text_font_size_last_edited=&#8221;on|desktop&#8221; locked=&#8221;off&#8221; global_colors_info=&#8221;{}&#8221;]<\/p>\n<p>Eftermiddagskaffe- &amp; kage<\/p>\n<p>Dagens 4-retters menu excl. drikkevarer<\/p>\n<p>Overnatning i Dobbeltv\u00e6relse<\/p>\n<p>Morgenmadsbuffet<\/p>\n<p>[\/et_pb_text][et_pb_text _builder_version=&#8221;4.27.0&#8243; _module_preset=&#8221;7e815e5b-c042-4930-9f47-86f0425bfee6&#8243; text_text_color=&#8221;#FFFFFF&#8221; header_font=&#8221;||||||||&#8221; header_4_font=&#8221;Kumbh Sans|700||on|||||&#8221; header_4_text_color=&#8221;#FEBD2D&#8221; header_4_font_size=&#8221;13px&#8221; header_4_letter_spacing=&#8221;2px&#8221; header_4_line_height=&#8221;1.5em&#8221; header_4_font_size_tablet=&#8221;16px&#8221; header_4_font_size_phone=&#8221;14px&#8221; header_4_font_size_last_edited=&#8221;on|tablet&#8221; locked=&#8221;off&#8221; global_colors_info=&#8221;{%22gcid-3f11ce70-d83b-4c70-bcdc-193eab5653a8%22:%91%93,%22gcid-9b6d33f9-def0-4b28-b6f6-d4797450b15e%22:%91%93}&#8221;]<\/p>\n<p><em>Menuen er fast, men der kan tilgodeses kosthensyn mod till\u00e6g<\/em><\/p>\n<p>[\/et_pb_text][\/et_pb_column][et_pb_column type=&#8221;1_3&#8243; _builder_version=&#8221;4.27.0&#8243; _module_preset=&#8221;default&#8221; background_color=&#8221;#515c59&#8243; z_index=&#8221;10&#8243; custom_padding=&#8221;110px|60px|110px|60px|true|true&#8221; custom_padding_tablet=&#8221;40px|30px|40px|30px|true|true&#8221; custom_padding_phone=&#8221;|20px||20px|true|true&#8221; custom_padding_last_edited=&#8221;on|phone&#8221; border_radii=&#8221;on|30px|30px|30px|30px&#8221; global_colors_info=&#8221;{}&#8221;][et_pb_text _builder_version=&#8221;4.27.0&#8243; _module_preset=&#8221;33d8ed47-9575-4183-ae48-b1d6c4145db4&#8243; header_2_font=&#8221;&#8211;et_global_heading_font|700|||||||&#8221; header_2_text_color=&#8221;#FFFFFF&#8221; header_2_font_size=&#8221;42px&#8221; header_2_line_height=&#8221;1.2em&#8221; custom_margin=&#8221;||0px||false|false&#8221; header_2_font_size_tablet=&#8221;32px&#8221; header_2_font_size_phone=&#8221;22px&#8221; header_2_font_size_last_edited=&#8221;on|phone&#8221; locked=&#8221;off&#8221; global_colors_info=&#8221;{%22gcid-3f11ce70-d83b-4c70-bcdc-193eab5653a8%22:%91%93}&#8221;]<\/p>\n<h2>L\u00f8rdagsophold<\/h2>\n<p>[\/et_pb_text][et_pb_text _builder_version=&#8221;4.27.0&#8243; _module_preset=&#8221;7d59c7f9-fac0-4ece-80e8-b60ee27645eb&#8221; text_font=&#8221;PT Serif||||||||&#8221; text_font_size=&#8221;20px&#8221; text_line_height=&#8221;1.9em&#8221; background_layout=&#8221;dark&#8221; text_font_size_tablet=&#8221;16px&#8221; text_font_size_phone=&#8221;14px&#8221; text_font_size_last_edited=&#8221;on|desktop&#8221; locked=&#8221;off&#8221; global_colors_info=&#8221;{}&#8221;]<\/p>\n<p>Eftermiddagskaffe- &amp; kage<\/p>\n<p>Dagens 4-retters menu excl. drikkevarer<\/p>\n<p>Overnatning i Dobbeltv\u00e6relse<\/p>\n<p>Morgenmadsbuffet<\/p>\n<p>[\/et_pb_text][et_pb_text _builder_version=&#8221;4.27.0&#8243; _module_preset=&#8221;7e815e5b-c042-4930-9f47-86f0425bfee6&#8243; text_text_color=&#8221;#FFFFFF&#8221; header_font=&#8221;||||||||&#8221; header_4_font=&#8221;Kumbh Sans|700||on|||||&#8221; header_4_text_color=&#8221;#FEBD2D&#8221; header_4_font_size=&#8221;13px&#8221; header_4_letter_spacing=&#8221;2px&#8221; header_4_line_height=&#8221;1.5em&#8221; header_4_font_size_tablet=&#8221;16px&#8221; header_4_font_size_phone=&#8221;14px&#8221; header_4_font_size_last_edited=&#8221;on|tablet&#8221; locked=&#8221;off&#8221; global_colors_info=&#8221;{%22gcid-3f11ce70-d83b-4c70-bcdc-193eab5653a8%22:%91%93,%22gcid-9b6d33f9-def0-4b28-b6f6-d4797450b15e%22:%91%93}&#8221;]<\/p>\n<p><em>Menuen er fast, men der kan tilgodeses kosthensyn mod till\u00e6g<\/em><\/p>\n<p>[\/et_pb_text][\/et_pb_column][\/et_pb_row][et_pb_row _builder_version=&#8221;4.27.4&#8243; _module_preset=&#8221;default&#8221; global_colors_info=&#8221;{}&#8221;][et_pb_column type=&#8221;4_4&#8243; _builder_version=&#8221;4.27.4&#8243; _module_preset=&#8221;default&#8221; global_colors_info=&#8221;{}&#8221;][et_pb_button button_url=&#8221;https:\/\/bookings.storekro.com\/da\/offers&#8221; button_text=&#8221;Book opholdspakker&#8221; button_alignment=&#8221;center&#8221; _builder_version=&#8221;4.27.4&#8243; _module_preset=&#8221;cc3338d8-47fd-448b-a872-2cfb838de97a&#8221; button_text_size=&#8221;20px&#8221; button_text_color=&#8221;gcid-primary-color&#8221; box_shadow_color=&#8221;gcid-primary-color&#8221; locked=&#8221;off&#8221; global_colors_info=&#8221;{%22gcid-primary-color%22:%91%22button_text_color%22,%22box_shadow_color%22%93}&#8221;][\/et_pb_button][\/et_pb_column][\/et_pb_row][\/et_pb_section][et_pb_section fb_built=&#8221;1&#8243; _builder_version=&#8221;4.27.0&#8243; _module_preset=&#8221;default&#8221; background_color=&#8221;#e4e1da&#8221; global_colors_info=&#8221;{}&#8221;][et_pb_row _builder_version=&#8221;4.27.0&#8243; _module_preset=&#8221;default&#8221; global_colors_info=&#8221;{}&#8221;][et_pb_column type=&#8221;4_4&#8243; _builder_version=&#8221;4.27.0&#8243; _module_preset=&#8221;default&#8221; global_colors_info=&#8221;{}&#8221;][et_pb_text _builder_version=&#8221;4.27.0&#8243; _module_preset=&#8221;default&#8221; header_2_font=&#8221;&#8211;et_global_heading_font|800|||||||&#8221; header_2_text_align=&#8221;center&#8221; header_2_text_color=&#8221;#515c59&#8243; custom_margin=&#8221;||||false|false&#8221; custom_padding=&#8221;||||false|false&#8221; global_colors_info=&#8221;{}&#8221;]<\/p>\n<h2>Gourmetophold i Smukke Omgivelser<\/h2>\n<p>[\/et_pb_text][et_pb_text _builder_version=&#8221;4.27.0&#8243; _module_preset=&#8221;default&#8221; text_font=&#8221;&#8211;et_global_body_font||||||||&#8221; text_font_size=&#8221;16px&#8221; text_orientation=&#8221;center&#8221; max_width=&#8221;70%&#8221; module_alignment=&#8221;center&#8221; global_colors_info=&#8221;{}&#8221;]<\/p>\n<p>Nyd en kulinarisk oplevelse med vores gourmetophold. Under dit ophold vil du blive fork\u00e6let med uds\u00f8gte smagsoplevelser, tilberedt af vores dygtige k\u00f8kkenchef og hans team. Med fokus p\u00e5 lokale r\u00e5varer og kreative retter, vil du opleve en middag, der stimulerer alle sanser.<\/p>\n<p>Vores bistro tilbyder en atmosf\u00e6re, hvor du kan slappe af og nyde den perfekte kombination af mad og vin, n\u00f8je udvalgt til at komplementere hinanden.<\/p>\n<p>Efter en aften med gastronomiske gl\u00e6der kan du tr\u00e6kke dig tilbage til et af vores elegante v\u00e6relser, hvor komfort og stil g\u00e5r h\u00e5nd i h\u00e5nd. V\u00e5gn op til en dejlig morgenmad, der giver dig den bedste start p\u00e5 dagen.<\/p>\n<p>Dette ophold er ideelt for madelskere, der \u00f8nsker en uforglemmelig oplevelse i smukke og historiske omgivelser.<\/p>\n<p>[\/et_pb_text][\/et_pb_column][\/et_pb_row][et_pb_row _builder_version=&#8221;4.27.0&#8243; _module_preset=&#8221;default&#8221; global_colors_info=&#8221;{}&#8221;][et_pb_column type=&#8221;4_4&#8243; _builder_version=&#8221;4.27.0&#8243; _module_preset=&#8221;default&#8221; global_colors_info=&#8221;{}&#8221;][et_pb_gallery gallery_ids=&#8221;565,571,569,558,520,513,516,508,524,526,523,560,556,497,493,151,139,527,512&#8243; fullwidth=&#8221;on&#8221; _builder_version=&#8221;4.27.0&#8243; _module_preset=&#8221;default&#8221; max_width=&#8221;100%&#8221; max_height=&#8221;800px&#8221; border_radii=&#8221;on|30px|30px|30px|30px&#8221; global_colors_info=&#8221;{}&#8221;][\/et_pb_gallery][\/et_pb_column][\/et_pb_row][\/et_pb_section]<\/p>\n","protected":false},"excerpt":{"rendered":"<p>Opholdspakker p\u00e5 Fredensborg Store KroOpholdspakkerHverdagsopholdEftermiddagskaffe- &amp; kage Dagens 3-retters menu excl. drikkevarer Overnatning i Dobbeltv\u00e6relse MorgenmadsbuffetMenuen er fast, men der kan tilgodeses kosthensyn mod till\u00e6gFredagsophold\u00a0Eftermiddagskaffe- &amp; kage Dagens 4-retters menu excl. drikkevarer Overnatning i Dobbeltv\u00e6relse MorgenmadsbuffetMenuen er fast, men der kan tilgodeses kosthensyn mod till\u00e6gL\u00f8rdagsopholdEftermiddagskaffe- &amp; kage Dagens 4-retters menu excl. drikkevarer Overnatning i Dobbeltv\u00e6relse [&hellip;]<\/p>\n","protected":false},"author":1,"featured_media":0,"parent":0,"menu_order":0,"comment_status":"closed","ping_status":"closed","template":"","meta":{"_et_pb_use_builder":"on","_et_pb_old_content":"","_et_gb_content_width":"","footnotes":""},"dipi_cpt_category":[],"class_list":["post-706","page","type-page","status-publish","hentry"],"yoast_head":"<!-- This site is optimized with the Yoast SEO plugin v27.5 - https:\/\/yoast.com\/product\/yoast-seo-wordpress\/ -->\n<title>Opholdspakker p\u00e5 Fredensborg Store Kro \u2013 Romantisk, Wellness, Gourmet og Familie<\/title>\n<meta name=\"description\" content=\"Oplev vores eksklusive opholdspakker p\u00e5 Fredensborg Store Kro. V\u00e6lg mellem romantisk, wellness, kulturelt, gourmet eller familieophold. Book din pakke i dag!\" \/>\n<meta name=\"robots\" content=\"index, follow, max-snippet:-1, max-image-preview:large, max-video-preview:-1\" \/>\n<link rel=\"canonical\" href=\"https:\/\/storekro.com\/en\/opholdspakker\/\" \/>\n<meta property=\"og:locale\" content=\"en_GB\" \/>\n<meta property=\"og:type\" content=\"article\" \/>\n<meta property=\"og:title\" content=\"Opholdspakker p\u00e5 Fredensborg Store Kro \u2013 Romantisk, Wellness, Gourmet og Familie\" \/>\n<meta property=\"og:description\" content=\"Oplev vores eksklusive opholdspakker p\u00e5 Fredensborg Store Kro. V\u00e6lg mellem romantisk, wellness, kulturelt, gourmet eller familieophold. Book din pakke i dag!\" \/>\n<meta property=\"og:url\" content=\"https:\/\/storekro.com\/en\/opholdspakker\/\" \/>\n<meta property=\"og:site_name\" content=\"Fredensborg Store Kro\" \/>\n<meta property=\"article:publisher\" content=\"https:\/\/www.facebook.com\/fredensborgstorekro\/\" \/>\n<meta property=\"article:modified_time\" content=\"2025-05-23T11:02:41+00:00\" \/>\n<meta property=\"og:image\" content=\"https:\/\/storekro.com\/wp-content\/uploads\/2024\/07\/StoreKro_RAISFOTO_C1__3755-1.jpg\" \/>\n\t<meta property=\"og:image:width\" content=\"2000\" \/>\n\t<meta property=\"og:image:height\" content=\"1334\" \/>\n\t<meta property=\"og:image:type\" content=\"image\/jpeg\" \/>\n<meta name=\"twitter:card\" content=\"summary_large_image\" \/>\n<meta name=\"twitter:label1\" content=\"Estimated reading time\" \/>\n\t<meta name=\"twitter:data1\" content=\"5 minutes\" \/>\n<script type=\"application\/ld+json\" class=\"yoast-schema-graph\">{\"@context\":\"https:\\\/\\\/schema.org\",\"@graph\":[{\"@type\":\"WebPage\",\"@id\":\"https:\\\/\\\/storekro.com\\\/opholdspakker\\\/\",\"url\":\"https:\\\/\\\/storekro.com\\\/opholdspakker\\\/\",\"name\":\"Opholdspakker p\u00e5 Fredensborg Store Kro \u2013 Romantisk, Wellness, Gourmet og Familie\",\"isPartOf\":{\"@id\":\"https:\\\/\\\/storekro.com\\\/#website\"},\"datePublished\":\"2024-07-23T12:06:26+00:00\",\"dateModified\":\"2025-05-23T11:02:41+00:00\",\"description\":\"Oplev vores eksklusive opholdspakker p\u00e5 Fredensborg Store Kro. V\u00e6lg mellem romantisk, wellness, kulturelt, gourmet eller familieophold. Book din pakke i dag!\",\"breadcrumb\":{\"@id\":\"https:\\\/\\\/storekro.com\\\/opholdspakker\\\/#breadcrumb\"},\"inLanguage\":\"en-GB\",\"potentialAction\":[{\"@type\":\"ReadAction\",\"target\":[\"https:\\\/\\\/storekro.com\\\/opholdspakker\\\/\"]}]},{\"@type\":\"BreadcrumbList\",\"@id\":\"https:\\\/\\\/storekro.com\\\/opholdspakker\\\/#breadcrumb\",\"itemListElement\":[{\"@type\":\"ListItem\",\"position\":1,\"name\":\"Home\",\"item\":\"https:\\\/\\\/storekro.com\\\/\"},{\"@type\":\"ListItem\",\"position\":2,\"name\":\"OPHOLDSPAKKER\"}]},{\"@type\":\"WebSite\",\"@id\":\"https:\\\/\\\/storekro.com\\\/#website\",\"url\":\"https:\\\/\\\/storekro.com\\\/\",\"name\":\"Fredensborg Store Kro\",\"description\":\"Historisk Hotel og Kro n\u00e6r Fredensborg Slot\",\"publisher\":{\"@id\":\"https:\\\/\\\/storekro.com\\\/#organization\"},\"potentialAction\":[{\"@type\":\"SearchAction\",\"target\":{\"@type\":\"EntryPoint\",\"urlTemplate\":\"https:\\\/\\\/storekro.com\\\/?s={search_term_string}\"},\"query-input\":{\"@type\":\"PropertyValueSpecification\",\"valueRequired\":true,\"valueName\":\"search_term_string\"}}],\"inLanguage\":\"en-GB\"},{\"@type\":\"Organization\",\"@id\":\"https:\\\/\\\/storekro.com\\\/#organization\",\"name\":\"Fredensborg Store Kro\",\"url\":\"https:\\\/\\\/storekro.com\\\/\",\"logo\":{\"@type\":\"ImageObject\",\"inLanguage\":\"en-GB\",\"@id\":\"https:\\\/\\\/storekro.com\\\/#\\\/schema\\\/logo\\\/image\\\/\",\"url\":\"https:\\\/\\\/storekro.com\\\/wp-content\\\/uploads\\\/2024\\\/07\\\/sk_logo_u_emblem_mork.png\",\"contentUrl\":\"https:\\\/\\\/storekro.com\\\/wp-content\\\/uploads\\\/2024\\\/07\\\/sk_logo_u_emblem_mork.png\",\"width\":1028,\"height\":306,\"caption\":\"Fredensborg Store Kro\"},\"image\":{\"@id\":\"https:\\\/\\\/storekro.com\\\/#\\\/schema\\\/logo\\\/image\\\/\"},\"sameAs\":[\"https:\\\/\\\/www.facebook.com\\\/fredensborgstorekro\\\/\"]}]}<\/script>\n<!-- \/ Yoast SEO plugin. -->","yoast_head_json":{"title":"Stay packages at Fredensborg Store Kro \u2013 Romantic, Wellness, Gourmet and Family","description":"Experience our exclusive stay packages at Fredensborg Store Kro. Choose between romantic, wellness, cultural, gourmet or family stays. Book your package today!","robots":{"index":"index","follow":"follow","max-snippet":"max-snippet:-1","max-image-preview":"max-image-preview:large","max-video-preview":"max-video-preview:-1"},"canonical":"https:\/\/storekro.com\/en\/opholdspakker\/","og_locale":"en_GB","og_type":"article","og_title":"Opholdspakker p\u00e5 Fredensborg Store Kro \u2013 Romantisk, Wellness, Gourmet og Familie","og_description":"Oplev vores eksklusive opholdspakker p\u00e5 Fredensborg Store Kro. V\u00e6lg mellem romantisk, wellness, kulturelt, gourmet eller familieophold. Book din pakke i dag!","og_url":"https:\/\/storekro.com\/en\/opholdspakker\/","og_site_name":"Fredensborg Store Kro","article_publisher":"https:\/\/www.facebook.com\/fredensborgstorekro\/","article_modified_time":"2025-05-23T11:02:41+00:00","og_image":[{"width":2000,"height":1334,"url":"https:\/\/storekro.com\/wp-content\/uploads\/2024\/07\/StoreKro_RAISFOTO_C1__3755-1.jpg","type":"image\/jpeg"}],"twitter_card":"summary_large_image","twitter_misc":{"Estimated reading time":"5 minutes"},"schema":{"@context":"https:\/\/schema.org","@graph":[{"@type":"WebPage","@id":"https:\/\/storekro.com\/opholdspakker\/","url":"https:\/\/storekro.com\/opholdspakker\/","name":"Stay packages at Fredensborg Store Kro \u2013 Romantic, Wellness, Gourmet and Family","isPartOf":{"@id":"https:\/\/storekro.com\/#website"},"datePublished":"2024-07-23T12:06:26+00:00","dateModified":"2025-05-23T11:02:41+00:00","description":"Experience our exclusive stay packages at Fredensborg Store Kro. Choose between romantic, wellness, cultural, gourmet or family stays. Book your package today!","breadcrumb":{"@id":"https:\/\/storekro.com\/opholdspakker\/#breadcrumb"},"inLanguage":"en-GB","potentialAction":[{"@type":"ReadAction","target":["https:\/\/storekro.com\/opholdspakker\/"]}]},{"@type":"BreadcrumbList","@id":"https:\/\/storekro.com\/opholdspakker\/#breadcrumb","itemListElement":[{"@type":"ListItem","position":1,"name":"Home","item":"https:\/\/storekro.com\/"},{"@type":"ListItem","position":2,"name":"OPHOLDSPAKKER"}]},{"@type":"WebSite","@id":"https:\/\/storekro.com\/#website","url":"https:\/\/storekro.com\/","name":"Fredensborg Store Inn","description":"Historic Hotel and Inn near Fredensborg Castle","publisher":{"@id":"https:\/\/storekro.com\/#organization"},"potentialAction":[{"@type":"SearchAction","target":{"@type":"EntryPoint","urlTemplate":"https:\/\/storekro.com\/?s={search_term_string}"},"query-input":{"@type":"PropertyValueSpecification","valueRequired":true,"valueName":"search_term_string"}}],"inLanguage":"en-GB"},{"@type":"Organization","@id":"https:\/\/storekro.com\/#organization","name":"Fredensborg Store Inn","url":"https:\/\/storekro.com\/","logo":{"@type":"ImageObject","inLanguage":"en-GB","@id":"https:\/\/storekro.com\/#\/schema\/logo\/image\/","url":"https:\/\/storekro.com\/wp-content\/uploads\/2024\/07\/sk_logo_u_emblem_mork.png","contentUrl":"https:\/\/storekro.com\/wp-content\/uploads\/2024\/07\/sk_logo_u_emblem_mork.png","width":1028,"height":306,"caption":"Fredensborg Store Kro"},"image":{"@id":"https:\/\/storekro.com\/#\/schema\/logo\/image\/"},"sameAs":["https:\/\/www.facebook.com\/fredensborgstorekro\/"]}]}},"jetpack_sharing_enabled":true,"_links":{"self":[{"href":"https:\/\/storekro.com\/en\/wp-json\/wp\/v2\/pages\/706","targetHints":{"allow":["GET"]}}],"collection":[{"href":"https:\/\/storekro.com\/en\/wp-json\/wp\/v2\/pages"}],"about":[{"href":"https:\/\/storekro.com\/en\/wp-json\/wp\/v2\/types\/page"}],"author":[{"embeddable":true,"href":"https:\/\/storekro.com\/en\/wp-json\/wp\/v2\/users\/1"}],"replies":[{"embeddable":true,"href":"https:\/\/storekro.com\/en\/wp-json\/wp\/v2\/comments?post=706"}],"version-history":[{"count":5,"href":"https:\/\/storekro.com\/en\/wp-json\/wp\/v2\/pages\/706\/revisions"}],"predecessor-version":[{"id":25975111,"href":"https:\/\/storekro.com\/en\/wp-json\/wp\/v2\/pages\/706\/revisions\/25975111"}],"wp:attachment":[{"href":"https:\/\/storekro.com\/en\/wp-json\/wp\/v2\/media?parent=706"}],"wp:term":[{"taxonomy":"dipi_cpt_category","embeddable":true,"href":"https:\/\/storekro.com\/en\/wp-json\/wp\/v2\/dipi_cpt_category?post=706"}],"curies":[{"name":"wp","href":"https:\/\/api.w.org\/{rel}","templated":true}]}}