{"id":829,"date":"2024-07-24T15:51:40","date_gmt":"2024-07-24T13:51:40","guid":{"rendered":"http:\/\/34.91.51.160\/?page_id=829"},"modified":"2026-03-16T09:13:00","modified_gmt":"2026-03-16T08:13:00","slug":"mindehojtidlighed","status":"publish","type":"page","link":"https:\/\/storekro.com\/en\/selskaber\/mindehojtidlighed\/","title":{"rendered":"MEMORIAL"},"content":{"rendered":"<p>[et_pb_section fb_built=&#8221;1&#8243; admin_label=&#8221;Header&#8221; _builder_version=&#8221;4.27.0&#8243; _module_preset=&#8221;default&#8221; use_background_color_gradient=&#8221;on&#8221; background_color_gradient_stops=&#8221;rgba(0,0,0,0.5) 0%|rgba(0,0,0,0.5) 100%&#8221; background_color_gradient_overlays_image=&#8221;on&#8221; background_image=&#8221;https:\/\/storekro.com\/wp-content\/uploads\/2024\/07\/StoreKro_RAIS6071.jpg&#8221; background_position=&#8221;top_center&#8221; background_vertical_offset=&#8221;70%&#8221; custom_padding=&#8221;|10%||10%|false|true&#8221; locked=&#8221;off&#8221; collapsed=&#8221;on&#8221; global_colors_info=&#8221;{}&#8221;][et_pb_row _builder_version=&#8221;4.27.4&#8243; _module_preset=&#8221;default&#8221; width=&#8221;100%&#8221; max_width=&#8221;2000px&#8221; locked=&#8221;off&#8221; global_colors_info=&#8221;{}&#8221;][et_pb_column type=&#8221;4_4&#8243; _builder_version=&#8221;4.24.1&#8243; _module_preset=&#8221;default&#8221; global_colors_info=&#8221;{}&#8221;][et_pb_text _builder_version=&#8221;4.27.4&#8243; _module_preset=&#8221;dcb8a99c-9f30-4a7f-8aad-eea4418e4a69&#8243; header_text_align=&#8221;center&#8221; header_text_color=&#8221;#FFFFFF&#8221; header_font_size=&#8221;42px&#8221; text_orientation=&#8221;center&#8221; width_tablet=&#8221;&#8221; width_phone=&#8221;100%&#8221; width_last_edited=&#8221;on|phone&#8221; custom_margin=&#8221;||10px||false|false&#8221; custom_padding=&#8221;||||false|false&#8221; header_font_size_tablet=&#8221;42px&#8221; header_font_size_phone=&#8221;26px&#8221; header_font_size_last_edited=&#8221;on|phone&#8221; global_colors_info=&#8221;{}&#8221;]<\/p>\n<h1>Mindeh\u00f8jtidelighed i Smukke Rammer p\u00e5 Fredensborg Store Kro<\/h1>\n<p>[\/et_pb_text][\/et_pb_column][\/et_pb_row][\/et_pb_section][et_pb_section fb_built=&#8221;1&#8243; _builder_version=&#8221;4.27.0&#8243; _module_preset=&#8221;default&#8221; background_color=&#8221;#f3f2ef&#8221; global_colors_info=&#8221;{}&#8221;][et_pb_row _builder_version=&#8221;4.27.0&#8243; _module_preset=&#8221;default&#8221; global_colors_info=&#8221;{}&#8221;][et_pb_column type=&#8221;4_4&#8243; _builder_version=&#8221;4.27.0&#8243; _module_preset=&#8221;default&#8221; global_colors_info=&#8221;{}&#8221;][et_pb_text _builder_version=&#8221;4.27.0&#8243; _module_preset=&#8221;default&#8221; header_2_font=&#8221;&#8211;et_global_heading_font|800|||||||&#8221; header_2_text_align=&#8221;center&#8221; header_2_text_color=&#8221;#515c59&#8243; custom_margin=&#8221;||||false|false&#8221; global_colors_info=&#8221;{}&#8221;]<\/p>\n<h2>V\u00e6rdige Afskedsceremonier i Historiske Omgivelser<\/h2>\n<p>[\/et_pb_text][et_pb_text _builder_version=&#8221;4.27.0&#8243; _module_preset=&#8221;default&#8221; text_font_size=&#8221;16px&#8221; text_orientation=&#8221;center&#8221; max_width=&#8221;70%&#8221; module_alignment=&#8221;center&#8221; global_colors_info=&#8221;{}&#8221;]<\/p>\n<p>G\u00f8r mindeh\u00f8jtideligheden til en smuk og mindev\u00e6rdig stund i de fredelige og historiske omgivelser p\u00e5 Fredensborg Store Kro. Vores unikke selskabslokaler til mindeh\u00f8jtidelighed og natursk\u00f8nne omgivelser skaber den perfekte ramme for en v\u00e6rdig afsked.<\/p>\n<p>[\/et_pb_text][\/et_pb_column][\/et_pb_row][\/et_pb_section][et_pb_section fb_built=&#8221;1&#8243; _builder_version=&#8221;4.27.0&#8243; _module_preset=&#8221;default&#8221; background_color=&#8221;#e4e1da&#8221; global_colors_info=&#8221;{}&#8221;][et_pb_row _builder_version=&#8221;4.27.0&#8243; _module_preset=&#8221;default&#8221; global_colors_info=&#8221;{}&#8221;][et_pb_column type=&#8221;4_4&#8243; _builder_version=&#8221;4.27.0&#8243; _module_preset=&#8221;default&#8221; global_colors_info=&#8221;{}&#8221;][et_pb_text _builder_version=&#8221;4.27.0&#8243; _module_preset=&#8221;default&#8221; header_2_font=&#8221;&#8211;et_global_heading_font|800|||||||&#8221; header_2_text_align=&#8221;center&#8221; header_2_text_color=&#8221;#515c59&#8243; custom_margin=&#8221;||||false|false&#8221; custom_padding=&#8221;||||false|false&#8221; global_colors_info=&#8221;{}&#8221;]<\/p>\n<h2>Smukke Selskabslokaler til Mindeh\u00f8jtidelighed<\/h2>\n<p>[\/et_pb_text][et_pb_text _builder_version=&#8221;4.27.0&#8243; _module_preset=&#8221;default&#8221; text_font=&#8221;&#8211;et_global_body_font||||||||&#8221; text_font_size=&#8221;16px&#8221; text_orientation=&#8221;center&#8221; max_width=&#8221;70%&#8221; module_alignment=&#8221;center&#8221; global_colors_info=&#8221;{}&#8221;]<\/p>\n<p>Vi tilbyder selskabslokaler til mindeh\u00f8jtidelighed, der kan rumme fra 25 til 150 g\u00e6ster. Vores lokaler er indrettet med klassisk og historisk charme, og vi har ogs\u00e5 adgang til natursk\u00f8nne omr\u00e5der, der er perfekte til en rolig og eftert\u00e6nksom stund.<\/p>\n<p>[\/et_pb_text][\/et_pb_column][\/et_pb_row][et_pb_row _builder_version=&#8221;4.27.0&#8243; _module_preset=&#8221;default&#8221; global_colors_info=&#8221;{}&#8221;][et_pb_column type=&#8221;4_4&#8243; _builder_version=&#8221;4.27.0&#8243; _module_preset=&#8221;default&#8221; global_colors_info=&#8221;{}&#8221;][et_pb_gallery gallery_ids=&#8221;773,771,770,769,767,766,726,565,571,569,558,520,513,516,508,493,524,526,523&#8243; fullwidth=&#8221;on&#8221; _builder_version=&#8221;4.27.0&#8243; _module_preset=&#8221;default&#8221; max_width=&#8221;100%&#8221; max_height=&#8221;800px&#8221; border_radii=&#8221;on|30px|30px|30px|30px&#8221; global_colors_info=&#8221;{}&#8221;][\/et_pb_gallery][\/et_pb_column][\/et_pb_row][\/et_pb_section][et_pb_section fb_built=&#8221;1&#8243; _builder_version=&#8221;4.27.0&#8243; _module_preset=&#8221;default&#8221; background_color=&#8221;#f3f2ef&#8221; global_colors_info=&#8221;{}&#8221;][et_pb_row _builder_version=&#8221;4.27.0&#8243; _module_preset=&#8221;default&#8221; global_colors_info=&#8221;{}&#8221;][et_pb_column type=&#8221;4_4&#8243; _builder_version=&#8221;4.27.0&#8243; _module_preset=&#8221;default&#8221; global_colors_info=&#8221;{}&#8221;][et_pb_text _builder_version=&#8221;4.27.0&#8243; _module_preset=&#8221;default&#8221; header_2_font=&#8221;&#8211;et_global_heading_font|800|||||||&#8221; header_2_text_align=&#8221;center&#8221; header_2_text_color=&#8221;#515c59&#8243; custom_margin=&#8221;||||false|false&#8221; global_colors_info=&#8221;{}&#8221;]<\/p>\n<h2>Mindeh\u00f8jtidelighedspakker<\/h2>\n<p>[\/et_pb_text][et_pb_text _builder_version=&#8221;4.27.0&#8243; _module_preset=&#8221;default&#8221; text_font_size=&#8221;16px&#8221; text_orientation=&#8221;center&#8221; max_width=&#8221;70%&#8221; module_alignment=&#8221;center&#8221; global_colors_info=&#8221;{}&#8221;]<\/p>\n<p>For at g\u00f8re planl\u00e6gningen nemmere tilbyder vi forskellige mindeh\u00f8jtidelighedspakker, der kan tilpasses efter behov<\/p>\n<p>[\/et_pb_text][\/et_pb_column][\/et_pb_row][et_pb_row column_structure=&#8221;1_3,1_3,1_3&#8243; _builder_version=&#8221;4.27.0&#8243; z_index=&#8221;3&#8243; width_tablet=&#8221;60%&#8221; width_phone=&#8221;80%&#8221; width_last_edited=&#8221;on|desktop&#8221; custom_padding=&#8221;0px|||||&#8221; global_colors_info=&#8221;{}&#8221;][et_pb_column type=&#8221;1_3&#8243; _builder_version=&#8221;4.27.0&#8243; background_enable_color=&#8221;off&#8221; background_enable_image=&#8221;off&#8221; background_repeat=&#8221;repeat&#8221; background_enable_video_mp4=&#8221;off&#8221; background_video_pause_outside_viewport=&#8221;off&#8221; transform_scale_tablet=&#8221;&#8221; transform_scale_phone=&#8221;&#8221; transform_scale_last_edited=&#8221;on|desktop&#8221; transform_translate_tablet=&#8221;0px|0px&#8221; transform_translate_phone=&#8221;&#8221; transform_translate_last_edited=&#8221;on|tablet&#8221; transform_translate_linked=&#8221;off&#8221; transform_rotate_tablet=&#8221;&#8221; transform_rotate_phone=&#8221;&#8221; transform_rotate_last_edited=&#8221;on|desktop&#8221; transform_skew_tablet=&#8221;&#8221; transform_skew_phone=&#8221;&#8221; transform_skew_last_edited=&#8221;on|desktop&#8221; transform_origin_tablet=&#8221;&#8221; transform_origin_phone=&#8221;&#8221; transform_origin_last_edited=&#8221;on|desktop&#8221; transform_styles_last_edited=&#8221;on|tablet&#8221; z_index=&#8221;12&#8243; custom_padding=&#8221;||||false|true&#8221; custom_padding_tablet=&#8221;90px||90px||true|false&#8221; custom_padding_phone=&#8221;40px|40px|40px|40px|true|true&#8221; custom_padding_last_edited=&#8221;on|phone&#8221; transform_styles_tablet=&#8221;&#8221; transform_styles_phone=&#8221;&#8221; custom_css_main_element=&#8221;display:flex;||column-gap:20px;||justify-content:center;||flex-wrap:wrap;&#8221; global_colors_info=&#8221;{}&#8221;][\/et_pb_column][et_pb_column type=&#8221;1_3&#8243; _builder_version=&#8221;4.27.0&#8243; background_color=&#8221;#4a4949&#8243; background_image=&#8221;https:\/\/storekro.com\/wp-content\/uploads\/2024\/07\/web_StoreKro_RAISFOTO_9344-1.jpg&#8221; background_repeat=&#8221;repeat&#8221; background_enable_video_mp4=&#8221;off&#8221; background_video_pause_outside_viewport=&#8221;off&#8221; transform_scale_tablet=&#8221;&#8221; transform_scale_phone=&#8221;&#8221; transform_scale_last_edited=&#8221;on|desktop&#8221; transform_translate_tablet=&#8221;0px|0px&#8221; transform_translate_phone=&#8221;&#8221; transform_translate_last_edited=&#8221;on|tablet&#8221; transform_translate_linked=&#8221;off&#8221; transform_rotate_tablet=&#8221;&#8221; transform_rotate_phone=&#8221;&#8221; transform_rotate_last_edited=&#8221;on|desktop&#8221; transform_skew_tablet=&#8221;&#8221; transform_skew_phone=&#8221;&#8221; transform_skew_last_edited=&#8221;on|desktop&#8221; transform_origin_tablet=&#8221;&#8221; transform_origin_phone=&#8221;&#8221; transform_origin_last_edited=&#8221;on|desktop&#8221; transform_styles_last_edited=&#8221;on|tablet&#8221; z_index=&#8221;12&#8243; custom_padding=&#8221;60px|40px|177px|40px|false|true&#8221; custom_padding_tablet=&#8221;90px||90px||true|false&#8221; custom_padding_phone=&#8221;40px|40px|40px|40px|true|true&#8221; custom_padding_last_edited=&#8221;on|phone&#8221; transform_styles_tablet=&#8221;&#8221; transform_styles_phone=&#8221;&#8221; custom_css_main_element=&#8221;display:flex;||column-gap:20px;||justify-content:center;||flex-wrap:wrap;&#8221; border_radii=&#8221;on|30px|30px|30px|30px&#8221; box_shadow_style=&#8221;preset1&#8243; global_colors_info=&#8221;{}&#8221;][et_pb_text _builder_version=&#8221;4.27.0&#8243; header_font_size=&#8221;32px&#8221; header_3_font=&#8221;&#8211;et_global_heading_font|700|||||||&#8221; header_3_text_align=&#8221;center&#8221; header_3_text_color=&#8221;#FFFFFF&#8221; header_3_font_size=&#8221;24px&#8221; header_3_line_height=&#8221;1.2em&#8221; text_orientation=&#8221;right&#8221; header_font_size_tablet=&#8221;&#8221; header_font_size_phone=&#8221;20px&#8221; header_font_size_last_edited=&#8221;on|desktop&#8221; header_3_font_size_tablet=&#8221;24px&#8221; header_3_font_size_phone=&#8221;20px&#8221; header_3_font_size_last_edited=&#8221;on|phone&#8221; global_colors_info=&#8221;{}&#8221;]<\/p>\n<h3>Mindeh\u00f8jtidlighed<\/h3>\n<p>[\/et_pb_text][et_pb_button button_url=&#8221;https:\/\/storekro.com\/wp-content\/uploads\/2026\/03\/MINDEHOJTIDELIGHED.pdf.pdf&#8221; url_new_window=&#8221;on&#8221; button_text=&#8221;Se mere&#8221; button_alignment=&#8221;center&#8221; _builder_version=&#8221;4.27.6&#8243; _module_preset=&#8221;0f273b6d-5a03-4221-9071-2e0dae801a0f&#8221; button_text_size=&#8221;20px&#8221; transform_translate_linked=&#8221;off&#8221; hover_enabled=&#8221;0&#8243; global_colors_info=&#8221;{}&#8221; sticky_enabled=&#8221;0&#8243;][\/et_pb_button][et_pb_button button_url=&#8221;https:\/\/storekro.com\/wp-content\/uploads\/2025\/11\/MINDEHOJTIDELIGHED-1.pdf.pdf&#8221; url_new_window=&#8221;on&#8221; button_text=&#8221;More info&#8221; button_alignment=&#8221;center&#8221; _builder_version=&#8221;4.27.4&#8243; _module_preset=&#8221;0f273b6d-5a03-4221-9071-2e0dae801a0f&#8221; button_text_size=&#8221;20px&#8221; transform_translate_linked=&#8221;off&#8221; locked=&#8221;off&#8221; global_colors_info=&#8221;{}&#8221;][\/et_pb_button][\/et_pb_column][et_pb_column type=&#8221;1_3&#8243; _builder_version=&#8221;4.27.0&#8243; background_enable_color=&#8221;off&#8221; background_enable_image=&#8221;off&#8221; background_repeat=&#8221;repeat&#8221; background_enable_video_mp4=&#8221;off&#8221; background_video_pause_outside_viewport=&#8221;off&#8221; transform_scale_tablet=&#8221;&#8221; transform_scale_phone=&#8221;&#8221; transform_scale_last_edited=&#8221;on|desktop&#8221; transform_translate_tablet=&#8221;0px|0px&#8221; transform_translate_phone=&#8221;&#8221; transform_translate_last_edited=&#8221;on|tablet&#8221; transform_translate_linked=&#8221;off&#8221; transform_rotate_tablet=&#8221;&#8221; transform_rotate_phone=&#8221;&#8221; transform_rotate_last_edited=&#8221;on|desktop&#8221; transform_skew_tablet=&#8221;&#8221; transform_skew_phone=&#8221;&#8221; transform_skew_last_edited=&#8221;on|desktop&#8221; transform_origin_tablet=&#8221;&#8221; transform_origin_phone=&#8221;&#8221; transform_origin_last_edited=&#8221;on|desktop&#8221; transform_styles_last_edited=&#8221;on|tablet&#8221; z_index=&#8221;12&#8243; custom_padding=&#8221;||||true|true&#8221; custom_padding_tablet=&#8221;90px||90px||true|false&#8221; custom_padding_phone=&#8221;40px|40px|40px|40px|true|true&#8221; custom_padding_last_edited=&#8221;on|phone&#8221; transform_styles_tablet=&#8221;&#8221; transform_styles_phone=&#8221;&#8221; custom_css_main_element=&#8221;display:flex;||column-gap:20px;||justify-content:center;||flex-wrap:wrap;&#8221; border_radii=&#8221;on|30px|30px|30px|30px&#8221; global_colors_info=&#8221;{}&#8221;][\/et_pb_column][\/et_pb_row][\/et_pb_section][et_pb_section fb_built=&#8221;1&#8243; _builder_version=&#8221;4.27.0&#8243; _module_preset=&#8221;default&#8221; background_color=&#8221;#e4e1da&#8221; global_colors_info=&#8221;{}&#8221;][et_pb_row _builder_version=&#8221;4.27.0&#8243; _module_preset=&#8221;default&#8221; global_colors_info=&#8221;{}&#8221;][et_pb_column type=&#8221;4_4&#8243; _builder_version=&#8221;4.27.0&#8243; _module_preset=&#8221;default&#8221; global_colors_info=&#8221;{}&#8221;][et_pb_text _builder_version=&#8221;4.27.0&#8243; _module_preset=&#8221;default&#8221; header_2_font=&#8221;&#8211;et_global_heading_font|800|||||||&#8221; header_2_text_align=&#8221;center&#8221; header_2_text_color=&#8221;#515c59&#8243; custom_margin=&#8221;||||false|false&#8221; custom_padding=&#8221;||||false|false&#8221; global_colors_info=&#8221;{}&#8221;]<\/p>\n<h2>Book en Uformel Snak<\/h2>\n<p>[\/et_pb_text][et_pb_text _builder_version=&#8221;4.27.4&#8243; _module_preset=&#8221;default&#8221; text_font=&#8221;&#8211;et_global_body_font||||||||&#8221; text_font_size=&#8221;16px&#8221; text_orientation=&#8221;center&#8221; max_width=&#8221;70%&#8221; module_alignment=&#8221;center&#8221; global_colors_info=&#8221;{}&#8221;]<\/p>\n<p>Det hele starter med en uformel snak om jeres \u00f8nsker. Kontakt os for at booke en rundvisning og f\u00e5 en snak med vores personale. Vi gl\u00e6der os til at hj\u00e6lpe jer med at planl\u00e6gge en mindev\u00e6rdig afskedsfest.<\/p>\n<p>[\/et_pb_text][et_pb_button button_url=&#8221;https:\/\/storekro.com\/kontakt-os\/&#8221; button_text=&#8221;Kontakt os&#8221; button_alignment=&#8221;center&#8221; _builder_version=&#8221;4.27.0&#8243; _module_preset=&#8221;0f273b6d-5a03-4221-9071-2e0dae801a0f&#8221; button_text_size=&#8221;20px&#8221; button_text_color=&#8221;#515c59&#8243; transform_translate_linked=&#8221;off&#8221; box_shadow_color=&#8221;#515c59&#8243; global_colors_info=&#8221;{}&#8221;][\/et_pb_button][\/et_pb_column][\/et_pb_row][\/et_pb_section]<\/p>\n","protected":false},"excerpt":{"rendered":"<p>Mindeh\u00f8jtidelighed i Smukke Rammer p\u00e5 Fredensborg Store KroV\u00e6rdige Afskedsceremonier i Historiske OmgivelserG\u00f8r mindeh\u00f8jtideligheden til en smuk og mindev\u00e6rdig stund i de fredelige og historiske omgivelser p\u00e5 Fredensborg Store Kro. Vores unikke selskabslokaler til mindeh\u00f8jtidelighed og natursk\u00f8nne omgivelser skaber den perfekte ramme for en v\u00e6rdig afsked.Smukke Selskabslokaler til Mindeh\u00f8jtidelighedVi tilbyder selskabslokaler til mindeh\u00f8jtidelighed, der kan rumme [&hellip;]<\/p>\n","protected":false},"author":1,"featured_media":0,"parent":712,"menu_order":0,"comment_status":"closed","ping_status":"closed","template":"","meta":{"_et_pb_use_builder":"on","_et_pb_old_content":"","_et_gb_content_width":"","footnotes":""},"dipi_cpt_category":[],"class_list":["post-829","page","type-page","status-publish","hentry"],"yoast_head":"<!-- This site is optimized with the Yoast SEO plugin v27.5 - https:\/\/yoast.com\/product\/yoast-seo-wordpress\/ -->\n<title>Mindeh\u00f8jtidelighed i Nordsj\u00e6lland - Selskabslokaler p\u00e5 Fredensborg Store Kro<\/title>\n<meta name=\"description\" content=\"Planl\u00e6g en smuk mindeh\u00f8jtidelighed i Nordsj\u00e6lland p\u00e5 Fredensborg Store Kro. Vi tilbyder fredelige selskabslokaler til mindeh\u00f8jtidelighed, skr\u00e6ddersyede oplevelser og forskellige pakker. Book din mindeh\u00f8jtidelighed i dag!\" \/>\n<meta name=\"robots\" content=\"index, follow, max-snippet:-1, max-image-preview:large, max-video-preview:-1\" \/>\n<link rel=\"canonical\" href=\"https:\/\/storekro.com\/en\/selskaber\/mindehojtidlighed\/\" \/>\n<meta property=\"og:locale\" content=\"en_GB\" \/>\n<meta property=\"og:type\" content=\"article\" \/>\n<meta property=\"og:title\" content=\"Mindeh\u00f8jtidelighed i Nordsj\u00e6lland - Selskabslokaler p\u00e5 Fredensborg Store Kro\" \/>\n<meta property=\"og:description\" content=\"Planl\u00e6g en smuk mindeh\u00f8jtidelighed i Nordsj\u00e6lland p\u00e5 Fredensborg Store Kro. Vi tilbyder fredelige selskabslokaler til mindeh\u00f8jtidelighed, skr\u00e6ddersyede oplevelser og forskellige pakker. Book din mindeh\u00f8jtidelighed i dag!\" \/>\n<meta property=\"og:url\" content=\"https:\/\/storekro.com\/en\/selskaber\/mindehojtidlighed\/\" \/>\n<meta property=\"og:site_name\" content=\"Fredensborg Store Kro\" \/>\n<meta property=\"article:publisher\" content=\"https:\/\/www.facebook.com\/fredensborgstorekro\/\" \/>\n<meta property=\"article:modified_time\" content=\"2026-03-16T08:13:00+00:00\" \/>\n<meta property=\"og:image\" content=\"https:\/\/storekro.com\/wp-content\/uploads\/2024\/07\/StoreKro_RAISFOTO_C1__3755-1.jpg\" \/>\n\t<meta property=\"og:image:width\" content=\"2000\" \/>\n\t<meta property=\"og:image:height\" content=\"1334\" \/>\n\t<meta property=\"og:image:type\" content=\"image\/jpeg\" \/>\n<meta name=\"twitter:card\" content=\"summary_large_image\" \/>\n<meta name=\"twitter:label1\" content=\"Estimated reading time\" \/>\n\t<meta name=\"twitter:data1\" content=\"5 minutes\" \/>\n<script type=\"application\/ld+json\" class=\"yoast-schema-graph\">{\"@context\":\"https:\\\/\\\/schema.org\",\"@graph\":[{\"@type\":\"WebPage\",\"@id\":\"https:\\\/\\\/storekro.com\\\/selskaber\\\/mindehojtidlighed\\\/\",\"url\":\"https:\\\/\\\/storekro.com\\\/selskaber\\\/mindehojtidlighed\\\/\",\"name\":\"Mindeh\u00f8jtidelighed i Nordsj\u00e6lland - Selskabslokaler p\u00e5 Fredensborg Store Kro\",\"isPartOf\":{\"@id\":\"https:\\\/\\\/storekro.com\\\/#website\"},\"datePublished\":\"2024-07-24T13:51:40+00:00\",\"dateModified\":\"2026-03-16T08:13:00+00:00\",\"description\":\"Planl\u00e6g en smuk mindeh\u00f8jtidelighed i Nordsj\u00e6lland p\u00e5 Fredensborg Store Kro. Vi tilbyder fredelige selskabslokaler til mindeh\u00f8jtidelighed, skr\u00e6ddersyede oplevelser og forskellige pakker. Book din mindeh\u00f8jtidelighed i dag!\",\"breadcrumb\":{\"@id\":\"https:\\\/\\\/storekro.com\\\/selskaber\\\/mindehojtidlighed\\\/#breadcrumb\"},\"inLanguage\":\"en-GB\",\"potentialAction\":[{\"@type\":\"ReadAction\",\"target\":[\"https:\\\/\\\/storekro.com\\\/selskaber\\\/mindehojtidlighed\\\/\"]}]},{\"@type\":\"BreadcrumbList\",\"@id\":\"https:\\\/\\\/storekro.com\\\/selskaber\\\/mindehojtidlighed\\\/#breadcrumb\",\"itemListElement\":[{\"@type\":\"ListItem\",\"position\":1,\"name\":\"Home\",\"item\":\"https:\\\/\\\/storekro.com\\\/\"},{\"@type\":\"ListItem\",\"position\":2,\"name\":\"SELSKABER\",\"item\":\"https:\\\/\\\/storekro.com\\\/selskaber\\\/\"},{\"@type\":\"ListItem\",\"position\":3,\"name\":\"MINDEH\u00d8JTIDLIGHED\"}]},{\"@type\":\"WebSite\",\"@id\":\"https:\\\/\\\/storekro.com\\\/#website\",\"url\":\"https:\\\/\\\/storekro.com\\\/\",\"name\":\"Fredensborg Store Kro\",\"description\":\"Historisk Hotel og Kro n\u00e6r Fredensborg Slot\",\"publisher\":{\"@id\":\"https:\\\/\\\/storekro.com\\\/#organization\"},\"potentialAction\":[{\"@type\":\"SearchAction\",\"target\":{\"@type\":\"EntryPoint\",\"urlTemplate\":\"https:\\\/\\\/storekro.com\\\/?s={search_term_string}\"},\"query-input\":{\"@type\":\"PropertyValueSpecification\",\"valueRequired\":true,\"valueName\":\"search_term_string\"}}],\"inLanguage\":\"en-GB\"},{\"@type\":\"Organization\",\"@id\":\"https:\\\/\\\/storekro.com\\\/#organization\",\"name\":\"Fredensborg Store Kro\",\"url\":\"https:\\\/\\\/storekro.com\\\/\",\"logo\":{\"@type\":\"ImageObject\",\"inLanguage\":\"en-GB\",\"@id\":\"https:\\\/\\\/storekro.com\\\/#\\\/schema\\\/logo\\\/image\\\/\",\"url\":\"https:\\\/\\\/storekro.com\\\/wp-content\\\/uploads\\\/2024\\\/07\\\/sk_logo_u_emblem_mork.png\",\"contentUrl\":\"https:\\\/\\\/storekro.com\\\/wp-content\\\/uploads\\\/2024\\\/07\\\/sk_logo_u_emblem_mork.png\",\"width\":1028,\"height\":306,\"caption\":\"Fredensborg Store Kro\"},\"image\":{\"@id\":\"https:\\\/\\\/storekro.com\\\/#\\\/schema\\\/logo\\\/image\\\/\"},\"sameAs\":[\"https:\\\/\\\/www.facebook.com\\\/fredensborgstorekro\\\/\"]}]}<\/script>\n<!-- \/ Yoast SEO plugin. -->","yoast_head_json":{"title":"Memorial service in North Zealand - Banquet rooms at Fredensborg Store Kro","description":"Plan a beautiful memorial service in North Zealand at Fredensborg Store Kro. We offer peaceful function rooms for memorial services, tailored experiences and various packages. Book your memorial service today!","robots":{"index":"index","follow":"follow","max-snippet":"max-snippet:-1","max-image-preview":"max-image-preview:large","max-video-preview":"max-video-preview:-1"},"canonical":"https:\/\/storekro.com\/en\/selskaber\/mindehojtidlighed\/","og_locale":"en_GB","og_type":"article","og_title":"Mindeh\u00f8jtidelighed i Nordsj\u00e6lland - Selskabslokaler p\u00e5 Fredensborg Store Kro","og_description":"Planl\u00e6g en smuk mindeh\u00f8jtidelighed i Nordsj\u00e6lland p\u00e5 Fredensborg Store Kro. Vi tilbyder fredelige selskabslokaler til mindeh\u00f8jtidelighed, skr\u00e6ddersyede oplevelser og forskellige pakker. Book din mindeh\u00f8jtidelighed i dag!","og_url":"https:\/\/storekro.com\/en\/selskaber\/mindehojtidlighed\/","og_site_name":"Fredensborg Store Kro","article_publisher":"https:\/\/www.facebook.com\/fredensborgstorekro\/","article_modified_time":"2026-03-16T08:13:00+00:00","og_image":[{"width":2000,"height":1334,"url":"https:\/\/storekro.com\/wp-content\/uploads\/2024\/07\/StoreKro_RAISFOTO_C1__3755-1.jpg","type":"image\/jpeg"}],"twitter_card":"summary_large_image","twitter_misc":{"Estimated reading time":"5 minutes"},"schema":{"@context":"https:\/\/schema.org","@graph":[{"@type":"WebPage","@id":"https:\/\/storekro.com\/selskaber\/mindehojtidlighed\/","url":"https:\/\/storekro.com\/selskaber\/mindehojtidlighed\/","name":"Memorial service in North Zealand - Banquet rooms at Fredensborg Store Kro","isPartOf":{"@id":"https:\/\/storekro.com\/#website"},"datePublished":"2024-07-24T13:51:40+00:00","dateModified":"2026-03-16T08:13:00+00:00","description":"Plan a beautiful memorial service in North Zealand at Fredensborg Store Kro. We offer peaceful function rooms for memorial services, tailored experiences and various packages. Book your memorial service today!","breadcrumb":{"@id":"https:\/\/storekro.com\/selskaber\/mindehojtidlighed\/#breadcrumb"},"inLanguage":"en-GB","potentialAction":[{"@type":"ReadAction","target":["https:\/\/storekro.com\/selskaber\/mindehojtidlighed\/"]}]},{"@type":"BreadcrumbList","@id":"https:\/\/storekro.com\/selskaber\/mindehojtidlighed\/#breadcrumb","itemListElement":[{"@type":"ListItem","position":1,"name":"Home","item":"https:\/\/storekro.com\/"},{"@type":"ListItem","position":2,"name":"SELSKABER","item":"https:\/\/storekro.com\/selskaber\/"},{"@type":"ListItem","position":3,"name":"MINDEH\u00d8JTIDLIGHED"}]},{"@type":"WebSite","@id":"https:\/\/storekro.com\/#website","url":"https:\/\/storekro.com\/","name":"Fredensborg Store Inn","description":"Historic Hotel and Inn near Fredensborg Castle","publisher":{"@id":"https:\/\/storekro.com\/#organization"},"potentialAction":[{"@type":"SearchAction","target":{"@type":"EntryPoint","urlTemplate":"https:\/\/storekro.com\/?s={search_term_string}"},"query-input":{"@type":"PropertyValueSpecification","valueRequired":true,"valueName":"search_term_string"}}],"inLanguage":"en-GB"},{"@type":"Organization","@id":"https:\/\/storekro.com\/#organization","name":"Fredensborg Store Inn","url":"https:\/\/storekro.com\/","logo":{"@type":"ImageObject","inLanguage":"en-GB","@id":"https:\/\/storekro.com\/#\/schema\/logo\/image\/","url":"https:\/\/storekro.com\/wp-content\/uploads\/2024\/07\/sk_logo_u_emblem_mork.png","contentUrl":"https:\/\/storekro.com\/wp-content\/uploads\/2024\/07\/sk_logo_u_emblem_mork.png","width":1028,"height":306,"caption":"Fredensborg Store Kro"},"image":{"@id":"https:\/\/storekro.com\/#\/schema\/logo\/image\/"},"sameAs":["https:\/\/www.facebook.com\/fredensborgstorekro\/"]}]}},"jetpack_sharing_enabled":true,"_links":{"self":[{"href":"https:\/\/storekro.com\/en\/wp-json\/wp\/v2\/pages\/829","targetHints":{"allow":["GET"]}}],"collection":[{"href":"https:\/\/storekro.com\/en\/wp-json\/wp\/v2\/pages"}],"about":[{"href":"https:\/\/storekro.com\/en\/wp-json\/wp\/v2\/types\/page"}],"author":[{"embeddable":true,"href":"https:\/\/storekro.com\/en\/wp-json\/wp\/v2\/users\/1"}],"replies":[{"embeddable":true,"href":"https:\/\/storekro.com\/en\/wp-json\/wp\/v2\/comments?post=829"}],"version-history":[{"count":6,"href":"https:\/\/storekro.com\/en\/wp-json\/wp\/v2\/pages\/829\/revisions"}],"predecessor-version":[{"id":25975684,"href":"https:\/\/storekro.com\/en\/wp-json\/wp\/v2\/pages\/829\/revisions\/25975684"}],"up":[{"embeddable":true,"href":"https:\/\/storekro.com\/en\/wp-json\/wp\/v2\/pages\/712"}],"wp:attachment":[{"href":"https:\/\/storekro.com\/en\/wp-json\/wp\/v2\/media?parent=829"}],"wp:term":[{"taxonomy":"dipi_cpt_category","embeddable":true,"href":"https:\/\/storekro.com\/en\/wp-json\/wp\/v2\/dipi_cpt_category?post=829"}],"curies":[{"name":"wp","href":"https:\/\/api.w.org\/{rel}","templated":true}]}}