{"id":879,"date":"2024-07-25T14:13:10","date_gmt":"2024-07-25T12:13:10","guid":{"rendered":"http:\/\/34.91.51.160\/?page_id=879"},"modified":"2026-04-06T07:39:59","modified_gmt":"2026-04-06T05:39:59","slug":"abningstider","status":"publish","type":"page","link":"https:\/\/storekro.com\/en\/om-os\/abningstider\/","title":{"rendered":"OPENING HOURS"},"content":{"rendered":"<p>[et_pb_section fb_built=&#8221;1&#8243; admin_label=&#8221;Header&#8221; _builder_version=&#8221;4.27.0&#8243; _module_preset=&#8221;default&#8221; use_background_color_gradient=&#8221;on&#8221; background_color_gradient_stops=&#8221;rgba(0,0,0,0.5) 0%|rgba(0,0,0,0.5) 100%&#8221; background_color_gradient_overlays_image=&#8221;on&#8221; background_image=&#8221;https:\/\/storekro.com\/wp-content\/uploads\/2024\/07\/StoreKro_RAISFOTO_C1__3769.jpg&#8221; background_position=&#8221;top_center&#8221; background_vertical_offset=&#8221;22%&#8221; custom_padding=&#8221;|10%||10%|false|true&#8221; locked=&#8221;off&#8221; collapsed=&#8221;on&#8221; global_colors_info=&#8221;{}&#8221;][et_pb_row _builder_version=&#8221;4.27.0&#8243; _module_preset=&#8221;default&#8221; width=&#8221;50%&#8221; max_width=&#8221;2000px&#8221; global_colors_info=&#8221;{}&#8221;][et_pb_column type=&#8221;4_4&#8243; _builder_version=&#8221;4.24.1&#8243; _module_preset=&#8221;default&#8221; global_colors_info=&#8221;{}&#8221;][et_pb_text _builder_version=&#8221;4.27.0&#8243; _module_preset=&#8221;dcb8a99c-9f30-4a7f-8aad-eea4418e4a69&#8243; header_text_align=&#8221;center&#8221; header_text_color=&#8221;#FFFFFF&#8221; header_font_size=&#8221;52px&#8221; text_orientation=&#8221;center&#8221; custom_margin=&#8221;||10px||false|false&#8221; custom_padding=&#8221;||||false|false&#8221; header_font_size_tablet=&#8221;35px&#8221; header_font_size_phone=&#8221;18px&#8221; header_font_size_last_edited=&#8221;on|phone&#8221; global_colors_info=&#8221;{}&#8221;]<\/p>\n<h1>\u00c5bningstider for Fredensborg Store Kro<\/h1>\n<p>[\/et_pb_text][\/et_pb_column][\/et_pb_row][\/et_pb_section][et_pb_section fb_built=&#8221;1&#8243; _builder_version=&#8221;4.27.0&#8243; _module_preset=&#8221;default&#8221; background_color=&#8221;#f3f2ef&#8221; global_colors_info=&#8221;{}&#8221;][et_pb_row _builder_version=&#8221;4.27.0&#8243; _module_preset=&#8221;default&#8221; global_colors_info=&#8221;{}&#8221;][et_pb_column type=&#8221;4_4&#8243; _builder_version=&#8221;4.27.0&#8243; _module_preset=&#8221;default&#8221; global_colors_info=&#8221;{}&#8221;][et_pb_text _builder_version=&#8221;4.27.0&#8243; _module_preset=&#8221;default&#8221; header_2_font=&#8221;&#8211;et_global_heading_font|800|||||||&#8221; header_2_text_align=&#8221;center&#8221; header_2_text_color=&#8221;#515c59&#8243; custom_margin=&#8221;||||false|false&#8221; global_colors_info=&#8221;{}&#8221;]<\/p>\n<h2>Velkommen til Fredensborg Store Kro<\/h2>\n<p>[\/et_pb_text][et_pb_text _builder_version=&#8221;4.27.0&#8243; _module_preset=&#8221;default&#8221; text_font_size=&#8221;16px&#8221; text_orientation=&#8221;center&#8221; max_width=&#8221;70%&#8221; module_alignment=&#8221;center&#8221; global_colors_info=&#8221;{}&#8221;]<\/p>\n<p>Her finder du vores \u00e5bningstider for Fredensborg Store Kro. Vi ser frem til at byde dig velkommen til vores historiske hotel og kro, hvor du kan nyde roen og den smukke natur omkring Fredensborg Slot og Esrum S\u00f8.<\/p>\n<p>[\/et_pb_text][\/et_pb_column][\/et_pb_row][\/et_pb_section][et_pb_section fb_built=&#8221;1&#8243; make_equal=&#8221;on&#8221; specialty=&#8221;on&#8221; parallax_method_2=&#8221;off&#8221; bg_img_2=&#8221;https:\/\/storekro.com\/wp-content\/uploads\/2024\/07\/StoreKro_RAISFOTO_C1__4228-scaled.jpg&#8221; background_size_2=&#8221;cover&#8221; background_blend_2=&#8221;normal&#8221; padding_top_1=&#8221;60px&#8221; padding_bottom_1=&#8221;60px&#8221; padding_top_bottom_link_1=&#8221;true&#8221; padding_left_right_link_1=&#8221;false&#8221; padding_1_tablet=&#8221;0px||0px||true|false&#8221; padding_1_phone=&#8221;0px||0px||true|false&#8221; padding_1_last_edited=&#8221;on|desktop&#8221; admin_label=&#8221;Features&#8221; _builder_version=&#8221;4.27.0&#8243; _module_preset=&#8221;default&#8221; inner_max_width=&#8221;1700px&#8221; custom_padding=&#8221;||87px|||&#8221; collapsed=&#8221;on&#8221; global_colors_info=&#8221;{}&#8221;][et_pb_column type=&#8221;1_2&#8243; specialty_columns=&#8221;2&#8243; _builder_version=&#8221;4.16&#8243; _module_preset=&#8221;default&#8221; custom_padding=&#8221;|||&#8221; global_colors_info=&#8221;{}&#8221; custom_padding__hover=&#8221;|||&#8221;][et_pb_row_inner _builder_version=&#8221;4.24.1&#8243; _module_preset=&#8221;default&#8221; hover_enabled=&#8221;0&#8243; global_colors_info=&#8221;{}&#8221; sticky_enabled=&#8221;0&#8243;][et_pb_column_inner saved_specialty_column_type=&#8221;1_2&#8243; _builder_version=&#8221;4.24.1&#8243; _module_preset=&#8221;default&#8221; global_colors_info=&#8221;{}&#8221;][et_pb_text _builder_version=&#8221;4.27.0&#8243; _module_preset=&#8221;b3f5c3e7-7f3f-418f-8fb9-8351bd51c3b4&#8243; header_font=&#8221;&#8211;et_global_heading_font||||||||&#8221; header_text_color=&#8221;#515c59&#8243; header_2_text_color=&#8221;#515c59&#8243; max_width=&#8221;510px&#8221; global_colors_info=&#8221;{}&#8221;]<\/p>\n<h2>\u00c5bningstider<\/h2>\n<p>[\/et_pb_text][et_pb_text _builder_version=&#8221;4.27.0&#8243; _module_preset=&#8221;7d611bde-82ad-44b8-8feb-4df781fd0391&#8243; header_5_font=&#8221;&#8211;et_global_heading_font|700||on|||||&#8221; header_5_text_color=&#8221;#515c59&#8243; max_width=&#8221;510px&#8221; custom_margin=&#8221;||0px||false|false&#8221; global_colors_info=&#8221;{}&#8221;]<\/p>\n<h5>Receptionen<\/h5>\n<p>[\/et_pb_text][et_pb_text _builder_version=&#8221;4.27.4&#8243; _module_preset=&#8221;44abfb4d-906d-4158-96ac-e736d69d26ea&#8221; text_font=&#8221;&#8211;et_global_body_font||||||||&#8221; max_width=&#8221;510px&#8221; custom_margin=&#8221;||40px||false|false&#8221; global_colors_info=&#8221;{}&#8221;]<\/p>\n<p>Mandag til torsdag: 07:00 \u2013 20:00<\/p>\n<p>Fredag og l\u00f8rdag: 07:30 \u2013 20:00<\/p>\n<p>S\u00f8ndag: 07:30 &#8211; 18:00<\/p>\n<p>[\/et_pb_text][et_pb_text _builder_version=&#8221;4.27.0&#8243; _module_preset=&#8221;7d611bde-82ad-44b8-8feb-4df781fd0391&#8243; header_5_font=&#8221;&#8211;et_global_heading_font|700||on|||||&#8221; header_5_text_color=&#8221;#515c59&#8243; max_width=&#8221;510px&#8221; custom_margin=&#8221;||0px||false|false&#8221; global_colors_info=&#8221;{}&#8221;]<\/p>\n<h5><span>Bistroen<\/span><\/h5>\n<p>[\/et_pb_text][et_pb_text _builder_version=&#8221;4.27.6&#8243; _module_preset=&#8221;44abfb4d-906d-4158-96ac-e736d69d26ea&#8221; text_font=&#8221;&#8211;et_global_body_font||||||||&#8221; max_width=&#8221;510px&#8221; custom_margin=&#8221;||0px||false|false&#8221; hover_enabled=&#8221;0&#8243; locked=&#8221;off&#8221; global_colors_info=&#8221;{}&#8221; sticky_enabled=&#8221;0&#8243;]<\/p>\n<p>Frokost mandag til s\u00f8ndag: 12.00 \u2013 15.00<br \/>Aften mandag til l\u00f8rdag: 18.00 \u2013 22.00<\/p>\n<p>(K\u00f8kkenet lukker 21.00)<\/p>\n<p>[\/et_pb_text][\/et_pb_column_inner][\/et_pb_row_inner][\/et_pb_column][et_pb_column type=&#8221;1_2&#8243; _builder_version=&#8221;4.16&#8243; _module_preset=&#8221;default&#8221; custom_padding=&#8221;|||&#8221; global_colors_info=&#8221;{}&#8221; custom_padding__hover=&#8221;|||&#8221;][et_pb_divider show_divider=&#8221;off&#8221; _builder_version=&#8221;4.24.1&#8243; _module_preset=&#8221;default&#8221; height_tablet=&#8221;50vw&#8221; height_phone=&#8221;50vw&#8221; height_last_edited=&#8221;on|desktop&#8221; global_colors_info=&#8221;{}&#8221;][\/et_pb_divider][\/et_pb_column][\/et_pb_section][et_pb_section fb_built=&#8221;1&#8243; _builder_version=&#8221;4.27.0&#8243; _module_preset=&#8221;default&#8221; background_color=&#8221;#e4e1da&#8221; global_colors_info=&#8221;{}&#8221;][et_pb_row _builder_version=&#8221;4.27.0&#8243; _module_preset=&#8221;default&#8221; global_colors_info=&#8221;{}&#8221;][et_pb_column type=&#8221;4_4&#8243; _builder_version=&#8221;4.27.0&#8243; _module_preset=&#8221;default&#8221; custom_css_main_element=&#8221;display:flex;||column-gap:20px;||justify-content:center;||flex-wrap:wrap;&#8221; global_colors_info=&#8221;{}&#8221;][et_pb_button button_url=&#8221;http:\/\/booking.storekro.com\/&#8221; button_text=&#8221;Book ophold&#8221; button_alignment=&#8221;center&#8221; _builder_version=&#8221;4.27.0&#8243; _module_preset=&#8221;cc3338d8-47fd-448b-a872-2cfb838de97a&#8221; button_text_size=&#8221;20px&#8221; button_text_color=&#8221;#515c59&#8243; box_shadow_color=&#8221;#515c59&#8243; global_colors_info=&#8221;{}&#8221;][\/et_pb_button][et_pb_button button_url=&#8221;https:\/\/book.easytablebooking.com\/book\/?id=1481e&#038;lang=auto&#8221; button_text=&#8221;Book bord&#8221; button_alignment=&#8221;center&#8221; _builder_version=&#8221;4.27.0&#8243; _module_preset=&#8221;cc3338d8-47fd-448b-a872-2cfb838de97a&#8221; button_text_size=&#8221;20px&#8221; button_text_color=&#8221;#515c59&#8243; box_shadow_color=&#8221;#515c59&#8243; global_colors_info=&#8221;{}&#8221;][\/et_pb_button][et_pb_button button_url=&#8221;http:\/\/order.lifepeaks.dk\/fredensborg-store-kro&#8221; button_text=&#8221;K\u00f8b gavekort&#8221; button_alignment=&#8221;center&#8221; _builder_version=&#8221;4.27.0&#8243; _module_preset=&#8221;cc3338d8-47fd-448b-a872-2cfb838de97a&#8221; button_text_size=&#8221;20px&#8221; button_text_color=&#8221;#515c59&#8243; box_shadow_color=&#8221;#515c59&#8243; global_colors_info=&#8221;{}&#8221;][\/et_pb_button][\/et_pb_column][\/et_pb_row][\/et_pb_section]<\/p>\n","protected":false},"excerpt":{"rendered":"<p>\u00c5bningstider for Fredensborg Store KroVelkommen til Fredensborg Store KroHer finder du vores \u00e5bningstider for Fredensborg Store Kro. Vi ser frem til at byde dig velkommen til vores historiske hotel og kro, hvor du kan nyde roen og den smukke natur omkring Fredensborg Slot og Esrum S\u00f8.\u00c5bningstiderReceptionenMandag til torsdag: 07:00 \u2013 20:00 Fredag og l\u00f8rdag: 07:30 [&hellip;]<\/p>\n","protected":false},"author":1,"featured_media":0,"parent":876,"menu_order":0,"comment_status":"closed","ping_status":"closed","template":"","meta":{"_et_pb_use_builder":"on","_et_pb_old_content":"","_et_gb_content_width":"","footnotes":""},"dipi_cpt_category":[],"class_list":["post-879","page","type-page","status-publish","hentry"],"yoast_head":"<!-- This site is optimized with the Yoast SEO plugin v27.3 - https:\/\/yoast.com\/product\/yoast-seo-wordpress\/ -->\n<title>\u00c5bningstider for Fredensborg Store Kro \u2013 Hotel, Bistro og Selskabslokaler<\/title>\n<meta name=\"description\" content=\"Se \u00e5bningstiderne for Fredensborg Store Kro. Vores hotel, bistro og selskabslokaler er \u00e5bne hele \u00e5ret rundt. Kontakt os for reservationer og sp\u00f8rgsm\u00e5l.\" \/>\n<meta name=\"robots\" content=\"index, follow, max-snippet:-1, max-image-preview:large, max-video-preview:-1\" \/>\n<link rel=\"canonical\" href=\"https:\/\/storekro.com\/en\/om-os\/abningstider\/\" \/>\n<meta property=\"og:locale\" content=\"en_GB\" \/>\n<meta property=\"og:type\" content=\"article\" \/>\n<meta property=\"og:title\" content=\"\u00c5bningstider for Fredensborg Store Kro \u2013 Hotel, Bistro og Selskabslokaler\" \/>\n<meta property=\"og:description\" content=\"Se \u00e5bningstiderne for Fredensborg Store Kro. Vores hotel, bistro og selskabslokaler er \u00e5bne hele \u00e5ret rundt. Kontakt os for reservationer og sp\u00f8rgsm\u00e5l.\" \/>\n<meta property=\"og:url\" content=\"https:\/\/storekro.com\/en\/om-os\/abningstider\/\" \/>\n<meta property=\"og:site_name\" content=\"Fredensborg Store Kro\" \/>\n<meta property=\"article:publisher\" content=\"https:\/\/www.facebook.com\/fredensborgstorekro\/\" \/>\n<meta property=\"article:modified_time\" content=\"2026-04-06T05:39:59+00:00\" \/>\n<meta property=\"og:image\" content=\"https:\/\/storekro.com\/wp-content\/uploads\/2024\/07\/StoreKro_RAISFOTO_C1__3755-1.jpg\" \/>\n\t<meta property=\"og:image:width\" content=\"2000\" \/>\n\t<meta property=\"og:image:height\" content=\"1334\" \/>\n\t<meta property=\"og:image:type\" content=\"image\/jpeg\" \/>\n<meta name=\"twitter:card\" content=\"summary_large_image\" \/>\n<meta name=\"twitter:label1\" content=\"Estimated reading time\" \/>\n\t<meta name=\"twitter:data1\" content=\"1 minute\" \/>\n<script type=\"application\/ld+json\" class=\"yoast-schema-graph\">{\"@context\":\"https:\\\/\\\/schema.org\",\"@graph\":[{\"@type\":\"WebPage\",\"@id\":\"https:\\\/\\\/storekro.com\\\/om-os\\\/abningstider\\\/\",\"url\":\"https:\\\/\\\/storekro.com\\\/om-os\\\/abningstider\\\/\",\"name\":\"\u00c5bningstider for Fredensborg Store Kro \u2013 Hotel, Bistro og Selskabslokaler\",\"isPartOf\":{\"@id\":\"https:\\\/\\\/storekro.com\\\/#website\"},\"datePublished\":\"2024-07-25T12:13:10+00:00\",\"dateModified\":\"2026-04-06T05:39:59+00:00\",\"description\":\"Se \u00e5bningstiderne for Fredensborg Store Kro. Vores hotel, bistro og selskabslokaler er \u00e5bne hele \u00e5ret rundt. Kontakt os for reservationer og sp\u00f8rgsm\u00e5l.\",\"breadcrumb\":{\"@id\":\"https:\\\/\\\/storekro.com\\\/om-os\\\/abningstider\\\/#breadcrumb\"},\"inLanguage\":\"en-GB\",\"potentialAction\":[{\"@type\":\"ReadAction\",\"target\":[\"https:\\\/\\\/storekro.com\\\/om-os\\\/abningstider\\\/\"]}]},{\"@type\":\"BreadcrumbList\",\"@id\":\"https:\\\/\\\/storekro.com\\\/om-os\\\/abningstider\\\/#breadcrumb\",\"itemListElement\":[{\"@type\":\"ListItem\",\"position\":1,\"name\":\"Home\",\"item\":\"https:\\\/\\\/storekro.com\\\/\"},{\"@type\":\"ListItem\",\"position\":2,\"name\":\"OM OS\",\"item\":\"https:\\\/\\\/storekro.com\\\/om-os\\\/\"},{\"@type\":\"ListItem\",\"position\":3,\"name\":\"\u00c5BNINGSTIDER\"}]},{\"@type\":\"WebSite\",\"@id\":\"https:\\\/\\\/storekro.com\\\/#website\",\"url\":\"https:\\\/\\\/storekro.com\\\/\",\"name\":\"Fredensborg Store Kro\",\"description\":\"Historisk Hotel og Kro n\u00e6r Fredensborg Slot\",\"publisher\":{\"@id\":\"https:\\\/\\\/storekro.com\\\/#organization\"},\"potentialAction\":[{\"@type\":\"SearchAction\",\"target\":{\"@type\":\"EntryPoint\",\"urlTemplate\":\"https:\\\/\\\/storekro.com\\\/?s={search_term_string}\"},\"query-input\":{\"@type\":\"PropertyValueSpecification\",\"valueRequired\":true,\"valueName\":\"search_term_string\"}}],\"inLanguage\":\"en-GB\"},{\"@type\":\"Organization\",\"@id\":\"https:\\\/\\\/storekro.com\\\/#organization\",\"name\":\"Fredensborg Store Kro\",\"url\":\"https:\\\/\\\/storekro.com\\\/\",\"logo\":{\"@type\":\"ImageObject\",\"inLanguage\":\"en-GB\",\"@id\":\"https:\\\/\\\/storekro.com\\\/#\\\/schema\\\/logo\\\/image\\\/\",\"url\":\"https:\\\/\\\/storekro.com\\\/wp-content\\\/uploads\\\/2024\\\/07\\\/sk_logo_u_emblem_mork.png\",\"contentUrl\":\"https:\\\/\\\/storekro.com\\\/wp-content\\\/uploads\\\/2024\\\/07\\\/sk_logo_u_emblem_mork.png\",\"width\":1028,\"height\":306,\"caption\":\"Fredensborg Store Kro\"},\"image\":{\"@id\":\"https:\\\/\\\/storekro.com\\\/#\\\/schema\\\/logo\\\/image\\\/\"},\"sameAs\":[\"https:\\\/\\\/www.facebook.com\\\/fredensborgstorekro\\\/\"]}]}<\/script>\n<!-- \/ Yoast SEO plugin. -->","yoast_head_json":{"title":"Opening hours for Fredensborg Store Kro \u2013 Hotel, Bistro and Banquet Rooms","description":"See the opening hours for Fredensborg Store Kro. Our hotel, bistro and banquet rooms are open all year round. Contact us for reservations and questions.","robots":{"index":"index","follow":"follow","max-snippet":"max-snippet:-1","max-image-preview":"max-image-preview:large","max-video-preview":"max-video-preview:-1"},"canonical":"https:\/\/storekro.com\/en\/om-os\/abningstider\/","og_locale":"en_GB","og_type":"article","og_title":"\u00c5bningstider for Fredensborg Store Kro \u2013 Hotel, Bistro og Selskabslokaler","og_description":"Se \u00e5bningstiderne for Fredensborg Store Kro. Vores hotel, bistro og selskabslokaler er \u00e5bne hele \u00e5ret rundt. Kontakt os for reservationer og sp\u00f8rgsm\u00e5l.","og_url":"https:\/\/storekro.com\/en\/om-os\/abningstider\/","og_site_name":"Fredensborg Store Kro","article_publisher":"https:\/\/www.facebook.com\/fredensborgstorekro\/","article_modified_time":"2026-04-06T05:39:59+00:00","og_image":[{"width":2000,"height":1334,"url":"https:\/\/storekro.com\/wp-content\/uploads\/2024\/07\/StoreKro_RAISFOTO_C1__3755-1.jpg","type":"image\/jpeg"}],"twitter_card":"summary_large_image","twitter_misc":{"Estimated reading time":"1 minute"},"schema":{"@context":"https:\/\/schema.org","@graph":[{"@type":"WebPage","@id":"https:\/\/storekro.com\/om-os\/abningstider\/","url":"https:\/\/storekro.com\/om-os\/abningstider\/","name":"Opening hours for Fredensborg Store Kro \u2013 Hotel, Bistro and Banquet Rooms","isPartOf":{"@id":"https:\/\/storekro.com\/#website"},"datePublished":"2024-07-25T12:13:10+00:00","dateModified":"2026-04-06T05:39:59+00:00","description":"See the opening hours for Fredensborg Store Kro. Our hotel, bistro and banquet rooms are open all year round. Contact us for reservations and questions.","breadcrumb":{"@id":"https:\/\/storekro.com\/om-os\/abningstider\/#breadcrumb"},"inLanguage":"en-GB","potentialAction":[{"@type":"ReadAction","target":["https:\/\/storekro.com\/om-os\/abningstider\/"]}]},{"@type":"BreadcrumbList","@id":"https:\/\/storekro.com\/om-os\/abningstider\/#breadcrumb","itemListElement":[{"@type":"ListItem","position":1,"name":"Home","item":"https:\/\/storekro.com\/"},{"@type":"ListItem","position":2,"name":"OM OS","item":"https:\/\/storekro.com\/om-os\/"},{"@type":"ListItem","position":3,"name":"\u00c5BNINGSTIDER"}]},{"@type":"WebSite","@id":"https:\/\/storekro.com\/#website","url":"https:\/\/storekro.com\/","name":"Fredensborg Store Inn","description":"Historic Hotel and Inn near Fredensborg Castle","publisher":{"@id":"https:\/\/storekro.com\/#organization"},"potentialAction":[{"@type":"SearchAction","target":{"@type":"EntryPoint","urlTemplate":"https:\/\/storekro.com\/?s={search_term_string}"},"query-input":{"@type":"PropertyValueSpecification","valueRequired":true,"valueName":"search_term_string"}}],"inLanguage":"en-GB"},{"@type":"Organization","@id":"https:\/\/storekro.com\/#organization","name":"Fredensborg Store Inn","url":"https:\/\/storekro.com\/","logo":{"@type":"ImageObject","inLanguage":"en-GB","@id":"https:\/\/storekro.com\/#\/schema\/logo\/image\/","url":"https:\/\/storekro.com\/wp-content\/uploads\/2024\/07\/sk_logo_u_emblem_mork.png","contentUrl":"https:\/\/storekro.com\/wp-content\/uploads\/2024\/07\/sk_logo_u_emblem_mork.png","width":1028,"height":306,"caption":"Fredensborg Store Kro"},"image":{"@id":"https:\/\/storekro.com\/#\/schema\/logo\/image\/"},"sameAs":["https:\/\/www.facebook.com\/fredensborgstorekro\/"]}]}},"jetpack_sharing_enabled":true,"_links":{"self":[{"href":"https:\/\/storekro.com\/en\/wp-json\/wp\/v2\/pages\/879","targetHints":{"allow":["GET"]}}],"collection":[{"href":"https:\/\/storekro.com\/en\/wp-json\/wp\/v2\/pages"}],"about":[{"href":"https:\/\/storekro.com\/en\/wp-json\/wp\/v2\/types\/page"}],"author":[{"embeddable":true,"href":"https:\/\/storekro.com\/en\/wp-json\/wp\/v2\/users\/1"}],"replies":[{"embeddable":true,"href":"https:\/\/storekro.com\/en\/wp-json\/wp\/v2\/comments?post=879"}],"version-history":[{"count":5,"href":"https:\/\/storekro.com\/en\/wp-json\/wp\/v2\/pages\/879\/revisions"}],"predecessor-version":[{"id":25975712,"href":"https:\/\/storekro.com\/en\/wp-json\/wp\/v2\/pages\/879\/revisions\/25975712"}],"up":[{"embeddable":true,"href":"https:\/\/storekro.com\/en\/wp-json\/wp\/v2\/pages\/876"}],"wp:attachment":[{"href":"https:\/\/storekro.com\/en\/wp-json\/wp\/v2\/media?parent=879"}],"wp:term":[{"taxonomy":"dipi_cpt_category","embeddable":true,"href":"https:\/\/storekro.com\/en\/wp-json\/wp\/v2\/dipi_cpt_category?post=879"}],"curies":[{"name":"wp","href":"https:\/\/api.w.org\/{rel}","templated":true}]}}