{"id":955,"date":"2024-07-25T16:16:17","date_gmt":"2024-07-25T14:16:17","guid":{"rendered":"http:\/\/34.91.51.160\/?page_id=955"},"modified":"2025-10-23T16:37:58","modified_gmt":"2025-10-23T14:37:58","slug":"ledige-stillinger","status":"publish","type":"page","link":"https:\/\/storekro.com\/en\/om-os\/ledige-stillinger\/","title":{"rendered":"JOB OPENINGS"},"content":{"rendered":"<p>[et_pb_section fb_built=&#8221;1&#8243; admin_label=&#8221;Header&#8221; _builder_version=&#8221;4.27.0&#8243; _module_preset=&#8221;default&#8221; use_background_color_gradient=&#8221;on&#8221; background_color_gradient_stops=&#8221;rgba(0,0,0,0.5) 0%|rgba(0,0,0,0.5) 100%&#8221; background_color_gradient_overlays_image=&#8221;on&#8221; background_image=&#8221;https:\/\/storekro.com\/wp-content\/uploads\/2024\/07\/StoreKro_RAIS5982.jpg&#8221; background_position=&#8221;top_center&#8221; background_vertical_offset=&#8221;55%&#8221; custom_padding=&#8221;|10%||10%|false|true&#8221; locked=&#8221;off&#8221; collapsed=&#8221;on&#8221; global_colors_info=&#8221;{}&#8221;][et_pb_row _builder_version=&#8221;4.27.0&#8243; _module_preset=&#8221;default&#8221; width=&#8221;50%&#8221; max_width=&#8221;2000px&#8221; global_colors_info=&#8221;{}&#8221;][et_pb_column type=&#8221;4_4&#8243; _builder_version=&#8221;4.24.1&#8243; _module_preset=&#8221;default&#8221; global_colors_info=&#8221;{}&#8221;][et_pb_text _builder_version=&#8221;4.27.0&#8243; _module_preset=&#8221;dcb8a99c-9f30-4a7f-8aad-eea4418e4a69&#8243; header_text_align=&#8221;center&#8221; header_text_color=&#8221;#FFFFFF&#8221; header_font_size=&#8221;52px&#8221; text_orientation=&#8221;center&#8221; custom_margin=&#8221;||10px||false|false&#8221; custom_padding=&#8221;||||false|false&#8221; global_colors_info=&#8221;{}&#8221;]<\/p>\n<h1>Ledige Stillinger p\u00e5 Fredensborg Store Kro<\/h1>\n<p>[\/et_pb_text][\/et_pb_column][\/et_pb_row][\/et_pb_section][et_pb_section fb_built=&#8221;1&#8243; _builder_version=&#8221;4.27.0&#8243; _module_preset=&#8221;default&#8221; background_color=&#8221;#f3f2ef&#8221; global_colors_info=&#8221;{}&#8221;][et_pb_row _builder_version=&#8221;4.27.0&#8243; _module_preset=&#8221;default&#8221; global_colors_info=&#8221;{}&#8221;][et_pb_column type=&#8221;4_4&#8243; _builder_version=&#8221;4.27.0&#8243; _module_preset=&#8221;default&#8221; global_colors_info=&#8221;{}&#8221;][et_pb_text _builder_version=&#8221;4.27.0&#8243; _module_preset=&#8221;default&#8221; header_2_font=&#8221;&#8211;et_global_heading_font|800|||||||&#8221; header_2_text_align=&#8221;center&#8221; header_2_text_color=&#8221;#515c59&#8243; custom_margin=&#8221;||||false|false&#8221; global_colors_info=&#8221;{}&#8221;]<\/p>\n<h2>Bliv en del af Vores Team<\/h2>\n<p>[\/et_pb_text][et_pb_text _builder_version=&#8221;4.27.0&#8243; _module_preset=&#8221;default&#8221; text_font_size=&#8221;16px&#8221; text_orientation=&#8221;center&#8221; max_width=&#8221;70%&#8221; module_alignment=&#8221;center&#8221; global_colors_info=&#8221;{}&#8221;]<\/p>\n<p>Hos Fredensborg Store Kro s\u00f8ger vi altid efter talentfulde og dedikerede medarbejdere, der \u00f8nsker at blive en del af vores team. Vi tilbyder en sp\u00e6ndende arbejdsplads i smukke og historiske omgivelser n\u00e6r Fredensborg Slot og Esrum S\u00f8.<\/p>\n<p>&nbsp;<\/p>\n<p>[\/et_pb_text][\/et_pb_column][\/et_pb_row][\/et_pb_section][et_pb_section fb_built=&#8221;1&#8243; _builder_version=&#8221;4.27.0&#8243; _module_preset=&#8221;default&#8221; background_color=&#8221;#e4e1da&#8221; global_colors_info=&#8221;{}&#8221;][et_pb_row _builder_version=&#8221;4.27.0&#8243; _module_preset=&#8221;default&#8221; global_colors_info=&#8221;{}&#8221;][et_pb_column type=&#8221;4_4&#8243; _builder_version=&#8221;4.27.0&#8243; _module_preset=&#8221;default&#8221; global_colors_info=&#8221;{}&#8221;][et_pb_code _builder_version=&#8221;4.27.4&#8243; _module_preset=&#8221;default&#8221; hover_enabled=&#8221;0&#8243; global_colors_info=&#8221;{}&#8221; sticky_enabled=&#8221;0&#8243;]\t<div class=\"awsm-job-wrap\">\n\n\t\t<div class=\"awsm-filter-wrap awsm-no-search-filter-wrap\"><form action=\"https:\/\/storekro.com\/wp-admin\/admin-ajax.php\" method=\"POST\"><a href=\"#\" class=\"awsm-filter-toggle\" role=\"button\" aria-pressed=\"false\"><span class=\"awsm-filter-toggle-text-wrapper\">Filter by<\/span><svg width=\"100\" height=\"100\" viewBox=\"0 0 100 100\" xmlns=\"http:\/\/www.w3.org\/2000\/svg\" version=\"1.1\" preserveAspectRatio=\"xMinYMin\"><path xmlns=\"http:\/\/www.w3.org\/2000\/svg\" fill=\"rgb(9.803922%,9.803922%,9.803922%)\" d=\"M 36.417969 19.9375 L 36.417969 17.265625 C 36.417969 16.160156 35.523438 15.265625 34.417969 15.265625 L 21.578125 15.265625 C 20.476562 15.265625 19.578125 16.160156 19.578125 17.265625 L 19.578125 19.9375 L 11 19.9375 L 11 26.9375 L 19.578125 26.9375 L 19.578125 30.105469 C 19.578125 31.210938 20.476562 32.105469 21.578125 32.105469 L 34.417969 32.105469 C 35.523438 32.105469 36.417969 31.210938 36.417969 30.105469 L 36.417969 26.9375 L 89 26.9375 L 89 19.9375 Z M 58.421875 43.578125 C 58.421875 42.476562 57.527344 41.578125 56.421875 41.578125 L 43.582031 41.578125 C 42.480469 41.578125 41.582031 42.476562 41.582031 43.578125 L 41.582031 46.5 L 11 46.5 L 11 53.5 L 41.582031 53.5 L 41.582031 56.421875 C 41.582031 57.527344 42.480469 58.421875 43.582031 58.421875 L 56.421875 58.421875 C 57.527344 58.421875 58.421875 57.527344 58.421875 56.421875 L 58.421875 53.5 L 89 53.5 L 89 46.5 L 58.421875 46.5 Z M 80.417969 70.140625 C 80.417969 69.035156 79.523438 68.140625 78.417969 68.140625 L 65.578125 68.140625 C 64.476562 68.140625 63.578125 69.035156 63.578125 70.140625 L 63.578125 73.0625 L 11 73.0625 L 11 80.0625 L 63.578125 80.0625 L 63.578125 82.984375 C 63.578125 84.085938 64.476562 84.984375 65.578125 84.984375 L 78.417969 84.984375 C 79.523438 84.984375 80.417969 84.085938 80.417969 82.984375 L 80.417969 80.0625 L 89 80.0625 L 89 73.0625 L 80.417969 73.0625 Z M 80.417969 70.140625\"\/><\/svg><\/a><div class=\"awsm-filter-items\"><div class=\"awsm-filter-item\" data-filter=\"job__category_spec\"><label for=\"awsm-job-category-filter-option-1\" class=\"awsm-sr-only\">All Job Kategori<\/label><select name=\"awsm_job_spec[job-category]\" class=\"awsm-filter-option awsm-job-category-filter-option\" id=\"awsm-job-category-filter-option-1\" aria-label=\"All Job Kategori\"><option value=\"\">All Job Kategori<\/option><option value=\"40\" data-slug=\"tjener\">Tjener<\/option><\/select><\/div><div class=\"awsm-filter-item\" data-filter=\"job__type_spec\"><label for=\"awsm-job-type-filter-option-1\" class=\"awsm-sr-only\">All Job Type<\/label><select name=\"awsm_job_spec[job-type]\" class=\"awsm-filter-option awsm-job-type-filter-option\" id=\"awsm-job-type-filter-option-1\" aria-label=\"All Job Type\"><option value=\"\">All Job Type<\/option><option value=\"41\" data-slug=\"deltid\">Deltid<\/option><option value=\"42\" data-slug=\"fuldtid\">Fuldtid<\/option><\/select><\/div><div class=\"awsm-filter-item\" data-filter=\"job__location_spec\"><label for=\"awsm-job-location-filter-option-1\" class=\"awsm-sr-only\">All Job Lokation<\/label><select name=\"awsm_job_spec[job-location]\" class=\"awsm-filter-option awsm-job-location-filter-option\" id=\"awsm-job-location-filter-option-1\" aria-label=\"All Job Lokation\"><option value=\"\">All Job Lokation<\/option><option value=\"43\" data-slug=\"fredensborg-store-kro\">Fredensborg Store Kro<\/option><\/select><\/div><\/div><input type=\"hidden\" name=\"action\" value=\"jobfilter\"><\/form><\/div>\n\t\t<div class=\"awsm-job-listings awsm-lists\" data-listings=\"10\">\n\t\t\t\t\t<div class=\"awsm-job-listing-item awsm-list-item\" id=\"awsm-list-item-1206\">\t\t<div class=\"awsm-job-item\">\t\t\t<div class=\"awsm-list-left-col\">\n\t\t\t\t\n\t\t\t\t\n\t\t\t\t<h2 class=\"awsm-job-post-title\">\n\t\t\t\t\t<a href=\"https:\/\/storekro.com\/en\/ledige-stillinger\/vi-soeger-en-tjener\/\">VI S\u00d8GER EN TJENER<\/a>\t\t\t\t<\/h2>\n\n\t\t\t\t\t\t\t<\/div>\n\n\t\t\t<div class=\"awsm-list-right-col\">\n\t\t\t\t<div class=\"awsm-job-specification-wrapper\"><div class=\"awsm-job-specification-item awsm-job-specification-job-category\"><span class=\"awsm-job-specification-term\">Tjener<\/span> <\/div><div class=\"awsm-job-specification-item awsm-job-specification-job-location\"><span class=\"awsm-job-specification-term\">Fredensborg Store Kro<\/span> <\/div><\/div><div class=\"awsm-job-more-container\"><a class=\"awsm-job-more\" href=\"https:\/\/storekro.com\/en\/ledige-stillinger\/vi-soeger-en-tjener\/\">More Details <span><\/span><\/a><\/div>\t\t\t<\/div>\n\t\t<\/div>\t<\/div><div class=\"awsm-job-listing-item awsm-list-item\" id=\"awsm-list-item-1127\">\t\t<div class=\"awsm-job-item\">\t\t\t<div class=\"awsm-list-left-col\">\n\t\t\t\t\n\t\t\t\t\n\t\t\t\t<h2 class=\"awsm-job-post-title\">\n\t\t\t\t\t<a href=\"https:\/\/storekro.com\/en\/ledige-stillinger\/morgenmads-tjener-afloeser\/\">MORGENMADSTJENER AFL\u00d8SER<\/a>\t\t\t\t<\/h2>\n\n\t\t\t\t\t\t\t<\/div>\n\n\t\t\t<div class=\"awsm-list-right-col\">\n\t\t\t\t<div class=\"awsm-job-specification-wrapper\"><div class=\"awsm-job-specification-item awsm-job-specification-job-category\"><span class=\"awsm-job-specification-term\">Tjener<\/span> <\/div><div class=\"awsm-job-specification-item awsm-job-specification-job-location\"><span class=\"awsm-job-specification-term\">Fredensborg Store Kro<\/span> <\/div><\/div><div class=\"awsm-job-more-container\"><a class=\"awsm-job-more\" href=\"https:\/\/storekro.com\/en\/ledige-stillinger\/morgenmads-tjener-afloeser\/\">More Details <span><\/span><\/a><\/div>\t\t\t<\/div>\n\t\t<\/div>\t<\/div>\t\t\t\t<\/div>\n\t<\/div>\n[\/et_pb_code][\/et_pb_column][\/et_pb_row][\/et_pb_section]<\/p>\n","protected":false},"excerpt":{"rendered":"<p>[et_pb_section fb_built=&#8221;1&#8243; admin_label=&#8221;Header&#8221; _builder_version=&#8221;4.27.0&#8243; _module_preset=&#8221;default&#8221; use_background_color_gradient=&#8221;on&#8221; background_color_gradient_stops=&#8221;rgba(0,0,0,0.5) 0%|rgba(0,0,0,0.5) 100%&#8221; background_color_gradient_overlays_image=&#8221;on&#8221; background_image=&#8221;https:\/\/storekro.com\/wp-content\/uploads\/2024\/07\/StoreKro_RAIS5982.jpg&#8221; background_position=&#8221;top_center&#8221; background_vertical_offset=&#8221;55%&#8221; custom_padding=&#8221;|10%||10%|false|true&#8221; locked=&#8221;off&#8221; collapsed=&#8221;on&#8221; global_colors_info=&#8221;{}&#8221;][et_pb_row _builder_version=&#8221;4.27.0&#8243; _module_preset=&#8221;default&#8221; width=&#8221;50%&#8221; max_width=&#8221;2000px&#8221; global_colors_info=&#8221;{}&#8221;][et_pb_column type=&#8221;4_4&#8243; _builder_version=&#8221;4.24.1&#8243; _module_preset=&#8221;default&#8221; global_colors_info=&#8221;{}&#8221;][et_pb_text _builder_version=&#8221;4.27.0&#8243; _module_preset=&#8221;dcb8a99c-9f30-4a7f-8aad-eea4418e4a69&#8243; header_text_align=&#8221;center&#8221; header_text_color=&#8221;#FFFFFF&#8221; header_font_size=&#8221;52px&#8221; text_orientation=&#8221;center&#8221; custom_margin=&#8221;||10px||false|false&#8221; custom_padding=&#8221;||||false|false&#8221; global_colors_info=&#8221;{}&#8221;] Ledige Stillinger p\u00e5 Fredensborg Store Kro [\/et_pb_text][\/et_pb_column][\/et_pb_row][\/et_pb_section][et_pb_section fb_built=&#8221;1&#8243; _builder_version=&#8221;4.27.0&#8243; _module_preset=&#8221;default&#8221; background_color=&#8221;#f3f2ef&#8221; global_colors_info=&#8221;{}&#8221;][et_pb_row _builder_version=&#8221;4.27.0&#8243; _module_preset=&#8221;default&#8221; global_colors_info=&#8221;{}&#8221;][et_pb_column type=&#8221;4_4&#8243; _builder_version=&#8221;4.27.0&#8243; _module_preset=&#8221;default&#8221; global_colors_info=&#8221;{}&#8221;][et_pb_text _builder_version=&#8221;4.27.0&#8243; [&hellip;]<\/p>\n","protected":false},"author":1,"featured_media":0,"parent":876,"menu_order":0,"comment_status":"closed","ping_status":"closed","template":"","meta":{"_et_pb_use_builder":"on","_et_pb_old_content":"","_et_gb_content_width":"","footnotes":""},"dipi_cpt_category":[],"class_list":["post-955","page","type-page","status-publish","hentry"],"yoast_head":"<!-- This site is optimized with the Yoast SEO plugin v27.5 - https:\/\/yoast.com\/product\/yoast-seo-wordpress\/ -->\n<title>Ledige Stillinger p\u00e5 Fredensborg Store Kro \u2013 Bliv en Del af Vores Team<\/title>\n<meta name=\"description\" content=\"Se de aktuelle ledige stillinger p\u00e5 Fredensborg Store Kro. Bliv en del af vores team og arbejd i smukke, historiske omgivelser. Ans\u00f8g nu!\" \/>\n<meta name=\"robots\" content=\"index, follow, max-snippet:-1, max-image-preview:large, max-video-preview:-1\" \/>\n<link rel=\"canonical\" href=\"https:\/\/storekro.com\/en\/om-os\/ledige-stillinger\/\" \/>\n<meta property=\"og:locale\" content=\"en_GB\" \/>\n<meta property=\"og:type\" content=\"article\" \/>\n<meta property=\"og:title\" content=\"Ledige Stillinger p\u00e5 Fredensborg Store Kro \u2013 Bliv en Del af Vores Team\" \/>\n<meta property=\"og:description\" content=\"Se de aktuelle ledige stillinger p\u00e5 Fredensborg Store Kro. Bliv en del af vores team og arbejd i smukke, historiske omgivelser. Ans\u00f8g nu!\" \/>\n<meta property=\"og:url\" content=\"https:\/\/storekro.com\/en\/om-os\/ledige-stillinger\/\" \/>\n<meta property=\"og:site_name\" content=\"Fredensborg Store Kro\" \/>\n<meta property=\"article:publisher\" content=\"https:\/\/www.facebook.com\/fredensborgstorekro\/\" \/>\n<meta property=\"article:modified_time\" content=\"2025-10-23T14:37:58+00:00\" \/>\n<meta property=\"og:image\" content=\"https:\/\/storekro.com\/wp-content\/uploads\/2024\/07\/StoreKro_RAISFOTO_C1__3755-1.jpg\" \/>\n\t<meta property=\"og:image:width\" content=\"2000\" \/>\n\t<meta property=\"og:image:height\" content=\"1334\" \/>\n\t<meta property=\"og:image:type\" content=\"image\/jpeg\" \/>\n<meta name=\"twitter:card\" content=\"summary_large_image\" \/>\n<meta name=\"twitter:label1\" content=\"Estimated reading time\" \/>\n\t<meta name=\"twitter:data1\" content=\"1 minute\" \/>\n<script type=\"application\/ld+json\" class=\"yoast-schema-graph\">{\"@context\":\"https:\\\/\\\/schema.org\",\"@graph\":[{\"@type\":\"WebPage\",\"@id\":\"https:\\\/\\\/storekro.com\\\/om-os\\\/ledige-stillinger\\\/\",\"url\":\"https:\\\/\\\/storekro.com\\\/om-os\\\/ledige-stillinger\\\/\",\"name\":\"Ledige Stillinger p\u00e5 Fredensborg Store Kro \u2013 Bliv en Del af Vores Team\",\"isPartOf\":{\"@id\":\"https:\\\/\\\/storekro.com\\\/#website\"},\"datePublished\":\"2024-07-25T14:16:17+00:00\",\"dateModified\":\"2025-10-23T14:37:58+00:00\",\"description\":\"Se de aktuelle ledige stillinger p\u00e5 Fredensborg Store Kro. Bliv en del af vores team og arbejd i smukke, historiske omgivelser. Ans\u00f8g nu!\",\"breadcrumb\":{\"@id\":\"https:\\\/\\\/storekro.com\\\/om-os\\\/ledige-stillinger\\\/#breadcrumb\"},\"inLanguage\":\"en-GB\",\"potentialAction\":[{\"@type\":\"ReadAction\",\"target\":[\"https:\\\/\\\/storekro.com\\\/om-os\\\/ledige-stillinger\\\/\"]}]},{\"@type\":\"BreadcrumbList\",\"@id\":\"https:\\\/\\\/storekro.com\\\/om-os\\\/ledige-stillinger\\\/#breadcrumb\",\"itemListElement\":[{\"@type\":\"ListItem\",\"position\":1,\"name\":\"Home\",\"item\":\"https:\\\/\\\/storekro.com\\\/\"},{\"@type\":\"ListItem\",\"position\":2,\"name\":\"OM OS\",\"item\":\"https:\\\/\\\/storekro.com\\\/om-os\\\/\"},{\"@type\":\"ListItem\",\"position\":3,\"name\":\"LEDIGE STILLINGER\"}]},{\"@type\":\"WebSite\",\"@id\":\"https:\\\/\\\/storekro.com\\\/#website\",\"url\":\"https:\\\/\\\/storekro.com\\\/\",\"name\":\"Fredensborg Store Kro\",\"description\":\"Historisk Hotel og Kro n\u00e6r Fredensborg Slot\",\"publisher\":{\"@id\":\"https:\\\/\\\/storekro.com\\\/#organization\"},\"potentialAction\":[{\"@type\":\"SearchAction\",\"target\":{\"@type\":\"EntryPoint\",\"urlTemplate\":\"https:\\\/\\\/storekro.com\\\/?s={search_term_string}\"},\"query-input\":{\"@type\":\"PropertyValueSpecification\",\"valueRequired\":true,\"valueName\":\"search_term_string\"}}],\"inLanguage\":\"en-GB\"},{\"@type\":\"Organization\",\"@id\":\"https:\\\/\\\/storekro.com\\\/#organization\",\"name\":\"Fredensborg Store Kro\",\"url\":\"https:\\\/\\\/storekro.com\\\/\",\"logo\":{\"@type\":\"ImageObject\",\"inLanguage\":\"en-GB\",\"@id\":\"https:\\\/\\\/storekro.com\\\/#\\\/schema\\\/logo\\\/image\\\/\",\"url\":\"https:\\\/\\\/storekro.com\\\/wp-content\\\/uploads\\\/2024\\\/07\\\/sk_logo_u_emblem_mork.png\",\"contentUrl\":\"https:\\\/\\\/storekro.com\\\/wp-content\\\/uploads\\\/2024\\\/07\\\/sk_logo_u_emblem_mork.png\",\"width\":1028,\"height\":306,\"caption\":\"Fredensborg Store Kro\"},\"image\":{\"@id\":\"https:\\\/\\\/storekro.com\\\/#\\\/schema\\\/logo\\\/image\\\/\"},\"sameAs\":[\"https:\\\/\\\/www.facebook.com\\\/fredensborgstorekro\\\/\"]}]}<\/script>\n<!-- \/ Yoast SEO plugin. -->","yoast_head_json":{"title":"Vacancies at Fredensborg Store Kro \u2013 Become Part of Our Team","description":"View the current vacancies at Fredensborg Store Kro. Become part of our team and work in beautiful, historic surroundings. Apply now!","robots":{"index":"index","follow":"follow","max-snippet":"max-snippet:-1","max-image-preview":"max-image-preview:large","max-video-preview":"max-video-preview:-1"},"canonical":"https:\/\/storekro.com\/en\/om-os\/ledige-stillinger\/","og_locale":"en_GB","og_type":"article","og_title":"Ledige Stillinger p\u00e5 Fredensborg Store Kro \u2013 Bliv en Del af Vores Team","og_description":"Se de aktuelle ledige stillinger p\u00e5 Fredensborg Store Kro. Bliv en del af vores team og arbejd i smukke, historiske omgivelser. Ans\u00f8g nu!","og_url":"https:\/\/storekro.com\/en\/om-os\/ledige-stillinger\/","og_site_name":"Fredensborg Store Kro","article_publisher":"https:\/\/www.facebook.com\/fredensborgstorekro\/","article_modified_time":"2025-10-23T14:37:58+00:00","og_image":[{"width":2000,"height":1334,"url":"https:\/\/storekro.com\/wp-content\/uploads\/2024\/07\/StoreKro_RAISFOTO_C1__3755-1.jpg","type":"image\/jpeg"}],"twitter_card":"summary_large_image","twitter_misc":{"Estimated reading time":"1 minute"},"schema":{"@context":"https:\/\/schema.org","@graph":[{"@type":"WebPage","@id":"https:\/\/storekro.com\/om-os\/ledige-stillinger\/","url":"https:\/\/storekro.com\/om-os\/ledige-stillinger\/","name":"Vacancies at Fredensborg Store Kro \u2013 Become Part of Our Team","isPartOf":{"@id":"https:\/\/storekro.com\/#website"},"datePublished":"2024-07-25T14:16:17+00:00","dateModified":"2025-10-23T14:37:58+00:00","description":"View the current vacancies at Fredensborg Store Kro. Become part of our team and work in beautiful, historic surroundings. Apply now!","breadcrumb":{"@id":"https:\/\/storekro.com\/om-os\/ledige-stillinger\/#breadcrumb"},"inLanguage":"en-GB","potentialAction":[{"@type":"ReadAction","target":["https:\/\/storekro.com\/om-os\/ledige-stillinger\/"]}]},{"@type":"BreadcrumbList","@id":"https:\/\/storekro.com\/om-os\/ledige-stillinger\/#breadcrumb","itemListElement":[{"@type":"ListItem","position":1,"name":"Home","item":"https:\/\/storekro.com\/"},{"@type":"ListItem","position":2,"name":"OM OS","item":"https:\/\/storekro.com\/om-os\/"},{"@type":"ListItem","position":3,"name":"LEDIGE STILLINGER"}]},{"@type":"WebSite","@id":"https:\/\/storekro.com\/#website","url":"https:\/\/storekro.com\/","name":"Fredensborg Store Inn","description":"Historic Hotel and Inn near Fredensborg Castle","publisher":{"@id":"https:\/\/storekro.com\/#organization"},"potentialAction":[{"@type":"SearchAction","target":{"@type":"EntryPoint","urlTemplate":"https:\/\/storekro.com\/?s={search_term_string}"},"query-input":{"@type":"PropertyValueSpecification","valueRequired":true,"valueName":"search_term_string"}}],"inLanguage":"en-GB"},{"@type":"Organization","@id":"https:\/\/storekro.com\/#organization","name":"Fredensborg Store Inn","url":"https:\/\/storekro.com\/","logo":{"@type":"ImageObject","inLanguage":"en-GB","@id":"https:\/\/storekro.com\/#\/schema\/logo\/image\/","url":"https:\/\/storekro.com\/wp-content\/uploads\/2024\/07\/sk_logo_u_emblem_mork.png","contentUrl":"https:\/\/storekro.com\/wp-content\/uploads\/2024\/07\/sk_logo_u_emblem_mork.png","width":1028,"height":306,"caption":"Fredensborg Store Kro"},"image":{"@id":"https:\/\/storekro.com\/#\/schema\/logo\/image\/"},"sameAs":["https:\/\/www.facebook.com\/fredensborgstorekro\/"]}]}},"jetpack_sharing_enabled":true,"_links":{"self":[{"href":"https:\/\/storekro.com\/en\/wp-json\/wp\/v2\/pages\/955","targetHints":{"allow":["GET"]}}],"collection":[{"href":"https:\/\/storekro.com\/en\/wp-json\/wp\/v2\/pages"}],"about":[{"href":"https:\/\/storekro.com\/en\/wp-json\/wp\/v2\/types\/page"}],"author":[{"embeddable":true,"href":"https:\/\/storekro.com\/en\/wp-json\/wp\/v2\/users\/1"}],"replies":[{"embeddable":true,"href":"https:\/\/storekro.com\/en\/wp-json\/wp\/v2\/comments?post=955"}],"version-history":[{"count":1,"href":"https:\/\/storekro.com\/en\/wp-json\/wp\/v2\/pages\/955\/revisions"}],"predecessor-version":[{"id":25975245,"href":"https:\/\/storekro.com\/en\/wp-json\/wp\/v2\/pages\/955\/revisions\/25975245"}],"up":[{"embeddable":true,"href":"https:\/\/storekro.com\/en\/wp-json\/wp\/v2\/pages\/876"}],"wp:attachment":[{"href":"https:\/\/storekro.com\/en\/wp-json\/wp\/v2\/media?parent=955"}],"wp:term":[{"taxonomy":"dipi_cpt_category","embeddable":true,"href":"https:\/\/storekro.com\/en\/wp-json\/wp\/v2\/dipi_cpt_category?post=955"}],"curies":[{"name":"wp","href":"https:\/\/api.w.org\/{rel}","templated":true}]}}